{"id":12662,"date":"2024-10-03T09:53:09","date_gmt":"2024-10-03T07:53:09","guid":{"rendered":"https:\/\/prod.escape-speakers.ch\/auszeichnungen-presse\/"},"modified":"2024-11-09T00:14:39","modified_gmt":"2024-11-08T23:14:39","slug":"auszeichnungen-presse","status":"publish","type":"page","link":"https:\/\/escape-speakers.ch\/de\/auszeichnungen-presse\/","title":{"rendered":"Auszeichnungen &amp; Presse"},"content":{"rendered":"\n\n\t<section class=\"section\" id=\"section_127476321\">\n\t\t<div class=\"section-bg fill\" >\n\t\t\t\t\t\t\t\t\t<div class=\"section-bg-overlay absolute fill\"><\/div>\n\t\t\t\n\n\t\t<\/div>\n\n\t\t\n\n\t\t<div class=\"section-content relative\">\n\t\t\t\n\n\t<div id=\"gap-206782435\" class=\"gap-element clearfix hide-for-medium\" style=\"display:block; height:auto;\">\n\t\t\n<style>\n#gap-206782435 {\n  padding-top: 78px;\n}\n<\/style>\n\t<\/div>\n\t\n\n<div class=\"row row-large align-middle\"  id=\"row-291845089\">\n\n\n\t<div id=\"col-1847358694\" class=\"col small-12 large-12\"  >\n\t\t\t\t<div class=\"col-inner text-left\"  >\n\t\t\t\n\t\t\t\n\n\t<div id=\"text-2437168476\" class=\"text\">\n\t\t\n\n<h1>Preise, Presse und Pressespiegel<\/h1>\n\t\t\n<style>\n#text-2437168476 {\n  color: #5190be;\n}\n#text-2437168476 > * {\n  color: #5190be;\n}\n<\/style>\n\t<\/div>\n\t\n<p>Escape \u00ae Produkte in der Fachpresse, Kritiken und Auszeichnungen .  <\/p>\n\n\t\t<\/div>\n\t\t\t\t\t<\/div>\n\n\t\n\n\n<style>\n#row-291845089 > .col > .col-inner {\n  padding: 78px 0px 0px 0px;\n}\n<\/style>\n<\/div>\n\n\t\t<\/div>\n\n\t\t\n<style>\n#section_127476321 {\n  padding-top: 0px;\n  padding-bottom: 0px;\n  background-color: rgb(255, 255, 255);\n}\n#section_127476321 .section-bg-overlay {\n  background-color: rgb(255, 255, 255);\n}\n<\/style>\n\t<\/section>\n\t\n\n\t<section class=\"section icon-icomoon\" id=\"section_1761853397\">\n\t\t<div class=\"section-bg fill\" >\n\t\t\t\t\t\t\t\t\t\n\t\t\t\n\n\t\t<\/div>\n\n\t\t\n\n\t\t<div class=\"section-content relative\">\n\t\t\t\n\n<div class=\"row row-large\"  id=\"row-1484358914\">\n\n\n\t<div id=\"col-1785629852\" class=\"col Block-Awards medium-12 small-12 large-6\"  >\n\t\t\t\t<div class=\"col-inner\" style=\"background-color:rgb(250, 250, 250);\" >\n\t\t\t\n\t\t\t\n\n<div class=\"row row-collapse\"  id=\"row-2118407341\">\n\n\n\t<div id=\"col-484612612\" class=\"col medium-5 small-12 large-5\"  >\n\t\t\t\t<div class=\"col-inner text-center\"  >\n\t\t\t\n\t\t\t\n\n\t<div class=\"img has-hover x md-x lg-x y md-y lg-y\" id=\"image_536202511\">\n\t\t\t\t\t\t\t\t<div class=\"img-inner dark\" style=\"margin:0px 0px 20px 0px;\">\n\t\t\t<img loading=\"lazy\" decoding=\"async\" width=\"849\" height=\"998\" src=\"https:\/\/escape-speakers.ch\/wp-content\/uploads\/2024\/10\/pxa-hq-en-neg-rgb.png\" class=\"attachment-large size-large\" alt=\"\" srcset=\"https:\/\/escape-speakers.ch\/wp-content\/uploads\/2024\/10\/pxa-hq-en-neg-rgb.png 849w, https:\/\/escape-speakers.ch\/wp-content\/uploads\/2024\/10\/pxa-hq-en-neg-rgb-255x300.png 255w, https:\/\/escape-speakers.ch\/wp-content\/uploads\/2024\/10\/pxa-hq-en-neg-rgb-768x903.png 768w, https:\/\/escape-speakers.ch\/wp-content\/uploads\/2024\/10\/pxa-hq-en-neg-rgb-510x600.png 510w\" sizes=\"auto, (max-width: 849px) 100vw, 849px\" \/>\t\t\t\t\t\t\n\t\t\t\t\t<\/div>\n\t\t\t\t\t\t\t\t\n<style>\n#image_536202511 {\n  width: 70%;\n}\n<\/style>\n\t<\/div>\n\t\n\n\n\t\t<\/div>\n\t\t\t\t\t<\/div>\n\n\t\n\n\t<div id=\"col-561821570\" class=\"col medium-7 small-12 large-7\"  >\n\t\t\t\t<div class=\"col-inner\"  >\n\t\t\t\n\t\t\t\n\n<div class=\"container section-title-container\" ><h3 class=\"section-title section-title-normal\"><b><\/b><span class=\"section-title-main\" style=\"color:rgb(81, 144, 190);\">Plus X Award HQ<\/span><b><\/b><\/h3><\/div>\n\n<p><i>&#8222;Der Innovationspreis f\u00fcr die Qualit\u00e4t der Marke!&#8220;<\/i><\/p>\n<p><i>&#8222;Der Escape P9 erh\u00e4lt den PLUS X AWARD in 4 Kategorien, f\u00fcr hohe Qualit\u00e4t, Design, Benutzerfreundlichkeit und Funktionalit\u00e4t!<\/i><\/p>\n<a class=\"button primary is-link is-large lowercase icon-downloads font-size-110\"  >\n\t\t<span>Plus X Award<\/span>\n\t<\/a>\n\n\n<div class=\"container section-title-container\" ><h3 class=\"section-title section-title-normal\"><b><\/b><span class=\"section-title-main\" >P9 \/ P6<\/span><b><\/b><\/h3><\/div>\n\n\n\t\t<\/div>\n\t\t\t\t\t<\/div>\n\n\t\n\n<\/div>\n\n\t\t<\/div>\n\t\t\t\t\n<style>\n#col-1785629852 > .col-inner {\n  padding: 20px 20px 20px 20px;\n}\n<\/style>\n\t<\/div>\n\n\t\n\n\t<div id=\"col-1677530025\" class=\"col Block-Awards medium-12 small-12 large-6\"  >\n\t\t\t\t<div class=\"col-inner\" style=\"background-color:rgb(250, 250, 250);\" >\n\t\t\t\n\t\t\t\n\n<div class=\"row row-collapse\"  id=\"row-271809352\">\n\n\n\t<div id=\"col-1977762873\" class=\"col medium-5 small-12 large-5\"  >\n\t\t\t\t<div class=\"col-inner text-center\"  >\n\t\t\t\n\t\t\t\n\n\t<div class=\"img has-hover x md-x lg-x y md-y lg-y\" id=\"image_1485071010\">\n\t\t\t\t\t\t\t\t<div class=\"img-inner dark\" style=\"margin:0px 0px 20px 0px;\">\n\t\t\t<img loading=\"lazy\" decoding=\"async\" width=\"849\" height=\"998\" src=\"https:\/\/escape-speakers.ch\/wp-content\/uploads\/2024\/10\/pxa-hq-en-neg-rgb.png\" class=\"attachment-large size-large\" alt=\"\" srcset=\"https:\/\/escape-speakers.ch\/wp-content\/uploads\/2024\/10\/pxa-hq-en-neg-rgb.png 849w, https:\/\/escape-speakers.ch\/wp-content\/uploads\/2024\/10\/pxa-hq-en-neg-rgb-255x300.png 255w, https:\/\/escape-speakers.ch\/wp-content\/uploads\/2024\/10\/pxa-hq-en-neg-rgb-768x903.png 768w, https:\/\/escape-speakers.ch\/wp-content\/uploads\/2024\/10\/pxa-hq-en-neg-rgb-510x600.png 510w\" sizes=\"auto, (max-width: 849px) 100vw, 849px\" \/>\t\t\t\t\t\t\n\t\t\t\t\t<\/div>\n\t\t\t\t\t\t\t\t\n<style>\n#image_1485071010 {\n  width: 70%;\n}\n<\/style>\n\t<\/div>\n\t\n\n\n\t\t<\/div>\n\t\t\t\t\t<\/div>\n\n\t\n\n\t<div id=\"col-776335128\" class=\"col medium-7 small-12 large-7\"  >\n\t\t\t\t<div class=\"col-inner\"  >\n\t\t\t\n\t\t\t\n\n<div class=\"container section-title-container\" ><h3 class=\"section-title section-title-normal\"><b><\/b><span class=\"section-title-main\" style=\"color:rgb(81, 144, 190);\">Plus X Award HQ<\/span><b><\/b><\/h3><\/div>\n\n<p><i>&#8222;Der Innovationspreis f\u00fcr die Qualit\u00e4t der Marke!&#8220;<\/i><\/p>\n<p><i>&#8222;Der Escape P9 erh\u00e4lt den PLUS X AWARD in 4 Kategorien, f\u00fcr hohe Qualit\u00e4t, Design, Benutzerfreundlichkeit und Funktionalit\u00e4t!<\/i><\/p>\n<a class=\"button primary is-link is-large lowercase icon-downloads font-size-110\"  >\n\t\t<span>Plus X Award<\/span>\n\t<\/a>\n\n\n<div class=\"container section-title-container\" ><h3 class=\"section-title section-title-normal\"><b><\/b><span class=\"section-title-main\" >P9 \/ P6<\/span><b><\/b><\/h3><\/div>\n\n\n\t\t<\/div>\n\t\t\t\t\t<\/div>\n\n\t\n\n<\/div>\n\n\t\t<\/div>\n\t\t\t\t\n<style>\n#col-1677530025 > .col-inner {\n  padding: 20px 20px 20px 20px;\n}\n<\/style>\n\t<\/div>\n\n\t\n\n\t<div id=\"col-20438066\" class=\"col Block-Awards medium-12 small-12 large-6\"  >\n\t\t\t\t<div class=\"col-inner\" style=\"background-color:rgb(250, 250, 250);\" >\n\t\t\t\n\t\t\t\n\n<div class=\"row row-collapse\"  id=\"row-185556308\">\n\n\n\t<div id=\"col-32841995\" class=\"col medium-5 small-12 large-5\"  >\n\t\t\t\t<div class=\"col-inner text-center\"  >\n\t\t\t\n\t\t\t\n\n\t<div class=\"img has-hover x md-x lg-x y md-y lg-y\" id=\"image_52961189\">\n\t\t\t\t\t\t\t\t<div class=\"img-inner dark\" style=\"margin:0px 0px 20px 0px;\">\n\t\t\t<img loading=\"lazy\" decoding=\"async\" width=\"849\" height=\"998\" src=\"https:\/\/escape-speakers.ch\/wp-content\/uploads\/2024\/10\/pxa-hq-en-neg-rgb.png\" class=\"attachment-large size-large\" alt=\"\" srcset=\"https:\/\/escape-speakers.ch\/wp-content\/uploads\/2024\/10\/pxa-hq-en-neg-rgb.png 849w, https:\/\/escape-speakers.ch\/wp-content\/uploads\/2024\/10\/pxa-hq-en-neg-rgb-255x300.png 255w, https:\/\/escape-speakers.ch\/wp-content\/uploads\/2024\/10\/pxa-hq-en-neg-rgb-768x903.png 768w, https:\/\/escape-speakers.ch\/wp-content\/uploads\/2024\/10\/pxa-hq-en-neg-rgb-510x600.png 510w\" sizes=\"auto, (max-width: 849px) 100vw, 849px\" \/>\t\t\t\t\t\t\n\t\t\t\t\t<\/div>\n\t\t\t\t\t\t\t\t\n<style>\n#image_52961189 {\n  width: 70%;\n}\n<\/style>\n\t<\/div>\n\t\n\n\n\t\t<\/div>\n\t\t\t\t\t<\/div>\n\n\t\n\n\t<div id=\"col-782062088\" class=\"col medium-7 small-12 large-7\"  >\n\t\t\t\t<div class=\"col-inner\"  >\n\t\t\t\n\t\t\t\n\n<div class=\"container section-title-container\" ><h3 class=\"section-title section-title-normal\"><b><\/b><span class=\"section-title-main\" style=\"color:rgb(81, 144, 190);\">Plus X Award HQ<\/span><b><\/b><\/h3><\/div>\n\n<p><i>&#8222;Der Innovationspreis f\u00fcr die Qualit\u00e4t der Marke!&#8220;<\/i><\/p>\n<p><i>&#8222;Der Escape P9 erh\u00e4lt den PLUS X AWARD in 4 Kategorien, f\u00fcr hohe Qualit\u00e4t, Design, Benutzerfreundlichkeit und Funktionalit\u00e4t!<\/i><\/p>\n<a class=\"button primary is-link is-large lowercase icon-downloads font-size-110\"  >\n\t\t<span>Plus X Award<\/span>\n\t<\/a>\n\n\n<div class=\"container section-title-container\" ><h3 class=\"section-title section-title-normal\"><b><\/b><span class=\"section-title-main\" >P9 \/ P6<\/span><b><\/b><\/h3><\/div>\n\n\n\t\t<\/div>\n\t\t\t\t\t<\/div>\n\n\t\n\n<\/div>\n\n\t\t<\/div>\n\t\t\t\t\n<style>\n#col-20438066 > .col-inner {\n  padding: 20px 20px 20px 20px;\n}\n<\/style>\n\t<\/div>\n\n\t\n\n\t<div id=\"col-1725233666\" class=\"col Block-Awards medium-12 small-12 large-6\"  >\n\t\t\t\t<div class=\"col-inner\" style=\"background-color:rgb(250, 250, 250);\" >\n\t\t\t\n\t\t\t\n\n<div class=\"row row-collapse\"  id=\"row-1212600546\">\n\n\n\t<div id=\"col-1554921925\" class=\"col medium-5 small-12 large-5\"  >\n\t\t\t\t<div class=\"col-inner text-center\"  >\n\t\t\t\n\t\t\t\n\n\t<div class=\"img has-hover x md-x lg-x y md-y lg-y\" id=\"image_447258179\">\n\t\t\t\t\t\t\t\t<div class=\"img-inner dark\" style=\"margin:0px 0px 20px 0px;\">\n\t\t\t<img loading=\"lazy\" decoding=\"async\" width=\"849\" height=\"998\" src=\"https:\/\/escape-speakers.ch\/wp-content\/uploads\/2024\/10\/pxa-hq-en-neg-rgb.png\" class=\"attachment-large size-large\" alt=\"\" srcset=\"https:\/\/escape-speakers.ch\/wp-content\/uploads\/2024\/10\/pxa-hq-en-neg-rgb.png 849w, https:\/\/escape-speakers.ch\/wp-content\/uploads\/2024\/10\/pxa-hq-en-neg-rgb-255x300.png 255w, https:\/\/escape-speakers.ch\/wp-content\/uploads\/2024\/10\/pxa-hq-en-neg-rgb-768x903.png 768w, https:\/\/escape-speakers.ch\/wp-content\/uploads\/2024\/10\/pxa-hq-en-neg-rgb-510x600.png 510w\" sizes=\"auto, (max-width: 849px) 100vw, 849px\" \/>\t\t\t\t\t\t\n\t\t\t\t\t<\/div>\n\t\t\t\t\t\t\t\t\n<style>\n#image_447258179 {\n  width: 70%;\n}\n<\/style>\n\t<\/div>\n\t\n\n\n\t\t<\/div>\n\t\t\t\t\t<\/div>\n\n\t\n\n\t<div id=\"col-1671812170\" class=\"col medium-7 small-12 large-7\"  >\n\t\t\t\t<div class=\"col-inner\"  >\n\t\t\t\n\t\t\t\n\n<div class=\"container section-title-container\" ><h3 class=\"section-title section-title-normal\"><b><\/b><span class=\"section-title-main\" style=\"color:rgb(81, 144, 190);\">Plus X Award HQ<\/span><b><\/b><\/h3><\/div>\n\n<p><i>&#8222;Der Innovationspreis f\u00fcr die Qualit\u00e4t der Marke!&#8220;<\/i><\/p>\n<p><i>&#8222;Der Escape P9 erh\u00e4lt den PLUS X AWARD in 4 Kategorien, f\u00fcr hohe Qualit\u00e4t, Design, Benutzerfreundlichkeit und Funktionalit\u00e4t!<\/i><\/p>\n<a class=\"button primary is-link is-large lowercase icon-downloads font-size-110\"  >\n\t\t<span>Plus X Award<\/span>\n\t<\/a>\n\n\n<div class=\"container section-title-container\" ><h3 class=\"section-title section-title-normal\"><b><\/b><span class=\"section-title-main\" >P9 \/ P6<\/span><b><\/b><\/h3><\/div>\n\n\n\t\t<\/div>\n\t\t\t\t\t<\/div>\n\n\t\n\n<\/div>\n\n\t\t<\/div>\n\t\t\t\t\n<style>\n#col-1725233666 > .col-inner {\n  padding: 20px 20px 20px 20px;\n}\n<\/style>\n\t<\/div>\n\n\t\n\n<\/div>\n\n\t\t<\/div>\n\n\t\t\n<style>\n#section_1761853397 {\n  padding-top: 30px;\n  padding-bottom: 30px;\n  background-color: rgb(255, 255, 255);\n}\n<\/style>\n\t<\/section>\n\t\n\n","protected":false},"excerpt":{"rendered":"","protected":false},"author":1,"featured_media":0,"parent":0,"menu_order":0,"comment_status":"closed","ping_status":"closed","template":"page-blank.php","meta":{"_acf_changed":false,"footnotes":""},"class_list":["post-12662","page","type-page","status-publish","hentry"],"acf":[],"_links":{"self":[{"href":"https:\/\/escape-speakers.ch\/de\/wp-json\/wp\/v2\/pages\/12662","targetHints":{"allow":["GET"]}}],"collection":[{"href":"https:\/\/escape-speakers.ch\/de\/wp-json\/wp\/v2\/pages"}],"about":[{"href":"https:\/\/escape-speakers.ch\/de\/wp-json\/wp\/v2\/types\/page"}],"author":[{"embeddable":true,"href":"https:\/\/escape-speakers.ch\/de\/wp-json\/wp\/v2\/users\/1"}],"replies":[{"embeddable":true,"href":"https:\/\/escape-speakers.ch\/de\/wp-json\/wp\/v2\/comments?post=12662"}],"version-history":[{"count":2,"href":"https:\/\/escape-speakers.ch\/de\/wp-json\/wp\/v2\/pages\/12662\/revisions"}],"predecessor-version":[{"id":12667,"href":"https:\/\/escape-speakers.ch\/de\/wp-json\/wp\/v2\/pages\/12662\/revisions\/12667"}],"wp:attachment":[{"href":"https:\/\/escape-speakers.ch\/de\/wp-json\/wp\/v2\/media?parent=12662"}],"curies":[{"name":"wp","href":"https:\/\/api.w.org\/{rel}","templated":true}]}}