{"id":12673,"date":"2024-04-17T14:46:08","date_gmt":"2024-04-17T12:46:08","guid":{"rendered":"https:\/\/prod.escape-speakers.ch\/versand-und-ruecksendungen\/"},"modified":"2024-11-09T00:14:28","modified_gmt":"2024-11-08T23:14:28","slug":"versand-und-ruecksendungen","status":"publish","type":"page","link":"https:\/\/escape-speakers.ch\/de\/versand-und-ruecksendungen\/","title":{"rendered":"Versand und R\u00fccksendungen"},"content":{"rendered":"\n  <div id=\"page-header-229750426\" class=\"page-header-wrapper\">\n  <div class=\"page-title light normal-title\">\n\n    \n    <div class=\"page-title-inner container align-center text-center flex-row-col medium-flex-wrap\" >\n              <div class=\"title-wrapper flex-col\">\n          <h1 class=\"entry-title mb-0\">\n            Versand und R\u00fccksendungen          <\/h1>\n        <\/div>\n                    <div class=\"title-content flex-col\">\n        <div class=\"title-breadcrumbs pb-half pt-half\"><nav class=\"woocommerce-breadcrumb breadcrumbs uppercase\">Start<\/nav><\/div>      <\/div>\n    <\/div>\n\n       <\/div>\n    <\/div>\n  \n\n\n\t<section class=\"section\" id=\"section_1696553197\">\n\t\t<div class=\"section-bg fill\" >\n\t\t\t\t\t\t\t\t\t<div class=\"section-bg-overlay absolute fill\"><\/div>\n\t\t\t\n\t<div class=\"is-border\"\n\t\tstyle=\"border-width:1px 0px 1px 0px;\">\n\t<\/div>\n\n\t\t<\/div>\n\n\t\t\n\n\t\t<div class=\"section-content relative\">\n\t\t\t\n\n<div class=\"row row-large align-middle align-center\"  id=\"row-1697269044\">\n\n\n\t<div id=\"col-1628711868\" class=\"col medium-8 small-12 large-8\"  >\n\t\t\t\t<div class=\"col-inner text-left\"  >\n\t\t\t\n\t\t\t\n\n<h2 class=\"uppercase\">Versand und R\u00fccksendung<\/h2>\n<h2>Versand<\/h2>\n<p>Wir bei <strong>Solutions Custom Made S\u00e0rl<\/strong> sind bestrebt, unseren Kunden ein reibungsloses und sorgenfreies Einkaufserlebnis zu bieten. Um eine sichere und effiziente Lieferung Ihrer Bestellungen zu gew\u00e4hrleisten, arbeiten wir mit vertrauensw\u00fcrdigen Transportunternehmen zusammen, um Ihre Bestellung direkt zu Ihnen nach Hause zu liefern, wo auch immer Sie sich befinden. <\/p>\n<p><strong>Versandoptionen:<\/strong> Wir bieten verschiedene Versandoptionen an, um Ihren spezifischen Bed\u00fcrfnissen gerecht zu werden, einschlie\u00dflich Standard, Express und Priority. Die voraussichtlichen Versandkosten und -zeiten werden w\u00e4hrend des Bestellvorgangs deutlich angezeigt, so dass Sie die Option w\u00e4hlen k\u00f6nnen, die Ihnen am meisten zusagt. <\/p>\n<p><strong>Internationaler Versand:<\/strong> Wir bieten <strong>internationale<\/strong> Versanddienstleistungen f\u00fcr unsere Kunden in aller Welt an. Bitte beachten Sie, dass bei internationalen Sendungen Steuern und Z\u00f6lle anfallen k\u00f6nnen, die vom Kunden zu tragen sind. <\/p>\n<h2>R\u00fcckgabepolitik<\/h2>\n<p>Aus Gr\u00fcnden der Hygiene und Sicherheit k\u00f6nnen wir keine R\u00fccksendungen von Produkten annehmen, die ge\u00f6ffnet oder verwendet wurden. In \u00dcbereinstimmung mit unserem Engagement f\u00fcr die Abfallvermeidung vermeiden wir \u00dcberverpackungen und bevorzugen umweltfreundliche und wiederverwendbare L\u00f6sungen. Diese verantwortungsvolle Verpackungswahl erschwert manchmal die \u00dcberpr\u00fcfung eines ge\u00f6ffneten Produkts, weshalb wir Ihnen f\u00fcr Ihre Kooperation bei der Einhaltung dieser Politik danken und so zur Minimierung des \u00f6kologischen Fu\u00dfabdrucks beitragen.  <\/p>\n<p>In den seltenen F\u00e4llen, in denen eine R\u00fccksendung akzeptiert wird, beachten Sie bitte, dass Zollgeb\u00fchren, Steuern und Kosten f\u00fcr den Versand oder die R\u00fccksendung vom Kunden zu tragen sind. Wir wissen Ihr Verst\u00e4ndnis und Ihre Unterst\u00fctzung bei der Einhaltung dieser hohen Qualit\u00e4tsstandards sehr zu sch\u00e4tzen. <\/p>\n<p>F\u00fcr eine R\u00fccksendung wenden Sie sich bitte an unseren Kundenservice unter <strong><a rel=\"noopener\">info@solutionscustom.ch<\/a><\/strong> oder unter <strong>+41 21 329 03 05,<\/strong> um eine RMA-Nummer (Return Authorization Number) zu erhalten.<\/p>\n<h2>Brauchen Sie Hilfe?<\/h2>\n<p>Wenn Sie Fragen zu unseren Versand- und R\u00fcckgaberichtlinien haben, wenden Sie sich bitte an unseren Kundenservice unter <strong><a rel=\"noopener\">info@solutionscustom.ch<\/a><\/strong> oder unter <strong>+41 79 226 76 31<\/strong>. Wir sind hier, um sicherzustellen, dass Ihr Einkaufserlebnis bei <strong>Escape-Speaker.ch<\/strong> au\u00dfergew\u00f6hnlich ist. <\/p>\n\n\t\t<\/div>\n\t\t\t\t\t<\/div>\n\n\t\n\n\t<div id=\"col-300107679\" class=\"col medium-6 small-12 large-6\"  >\n\t\t\t\t<div class=\"col-inner\"  >\n\t\t\t\n\t\t\t\n\n\t<div class=\"img has-hover x md-x lg-x y md-y lg-y\" id=\"image_2012653102\">\n\t\t\t\t\t\t\t\t<div class=\"img-inner box-shadow-2 dark\" >\n\t\t\t\t\t\t\t\t\t\n\t\t\t\t\t<\/div>\n\t\t\t\t\t\t\t\t\n<style>\n#image_2012653102 {\n  width: 100%;\n}\n<\/style>\n\t<\/div>\n\t\n\n\n\t\t<\/div>\n\t\t\t\t\t<\/div>\n\n\t\n\n<\/div>\n\n\t\t<\/div>\n\n\t\t\n<style>\n#section_1696553197 {\n  padding-top: 60px;\n  padding-bottom: 60px;\n  background-color: rgb(193, 193, 193);\n}\n#section_1696553197 .section-bg-overlay {\n  background-color: rgba(255, 255, 255, 0.85);\n}\n<\/style>\n\t<\/section>\n\t\n\n","protected":false},"excerpt":{"rendered":"","protected":false},"author":1,"featured_media":0,"parent":0,"menu_order":0,"comment_status":"closed","ping_status":"closed","template":"page-blank.php","meta":{"_acf_changed":false,"footnotes":""},"class_list":["post-12673","page","type-page","status-publish","hentry"],"acf":[],"_links":{"self":[{"href":"https:\/\/escape-speakers.ch\/de\/wp-json\/wp\/v2\/pages\/12673","targetHints":{"allow":["GET"]}}],"collection":[{"href":"https:\/\/escape-speakers.ch\/de\/wp-json\/wp\/v2\/pages"}],"about":[{"href":"https:\/\/escape-speakers.ch\/de\/wp-json\/wp\/v2\/types\/page"}],"author":[{"embeddable":true,"href":"https:\/\/escape-speakers.ch\/de\/wp-json\/wp\/v2\/users\/1"}],"replies":[{"embeddable":true,"href":"https:\/\/escape-speakers.ch\/de\/wp-json\/wp\/v2\/comments?post=12673"}],"version-history":[{"count":1,"href":"https:\/\/escape-speakers.ch\/de\/wp-json\/wp\/v2\/pages\/12673\/revisions"}],"predecessor-version":[{"id":12674,"href":"https:\/\/escape-speakers.ch\/de\/wp-json\/wp\/v2\/pages\/12673\/revisions\/12674"}],"wp:attachment":[{"href":"https:\/\/escape-speakers.ch\/de\/wp-json\/wp\/v2\/media?parent=12673"}],"curies":[{"name":"wp","href":"https:\/\/api.w.org\/{rel}","templated":true}]}}