{"id":12676,"date":"2024-05-02T00:03:56","date_gmt":"2024-05-01T22:03:56","guid":{"rendered":"https:\/\/prod.escape-speakers.ch\/allgemeine-nutzungsbedingungen\/"},"modified":"2024-11-09T00:14:39","modified_gmt":"2024-11-08T23:14:39","slug":"allgemeine-nutzungsbedingungen","status":"publish","type":"page","link":"https:\/\/escape-speakers.ch\/de\/allgemeine-nutzungsbedingungen\/","title":{"rendered":"Allgemeine Nutzungsbedingungen"},"content":{"rendered":"\n  <div id=\"page-header-1620969446\" class=\"page-header-wrapper\">\n  <div class=\"page-title light normal-title\">\n\n    \n    <div class=\"page-title-inner container align-center text-center flex-row-col medium-flex-wrap\" >\n              <div class=\"title-wrapper flex-col\">\n          <h1 class=\"entry-title mb-0\">\n            Allgemeine Nutzungsbedingungen          <\/h1>\n        <\/div>\n                    <div class=\"title-content flex-col\">\n        <div class=\"title-breadcrumbs pb-half pt-half\"><nav class=\"woocommerce-breadcrumb breadcrumbs uppercase\">Start<\/nav><\/div>      <\/div>\n    <\/div>\n\n       <\/div>\n    <\/div>\n  \n\n\n\t<section class=\"section\" id=\"section_289092984\">\n\t\t<div class=\"section-bg fill\" >\n\t\t\t\t\t\t\t\t\t<div class=\"section-bg-overlay absolute fill\"><\/div>\n\t\t\t\n\t<div class=\"is-border\"\n\t\tstyle=\"border-width:1px 0px 1px 0px;\">\n\t<\/div>\n\n\t\t<\/div>\n\n\t\t\n\n\t\t<div class=\"section-content relative\">\n\t\t\t\n\n<div class=\"row row-large align-middle align-center\"  id=\"row-175408006\">\n\n\n\t<div id=\"col-1924281802\" class=\"col medium-8 small-12 large-8\"  >\n\t\t\t\t<div class=\"col-inner text-left\"  >\n\t\t\t\n\t\t\t\n\n<h2>1. Anwendungsbereich<\/h2>\n<p>Diese AGB gelten f\u00fcr alle Bestellungen, die auf der Website www.escape-speaker.ch aufgegeben werden, und regeln die vertraglichen Beziehungen zwischen Solutions Custom Made S\u00e0rl und ihren Kunden.<br>Jede vom Kunden auferlegte gegenteilige Bedingung wird als nichtig angesehen, es sei denn, sie wurde von Solutions Custom Made S\u00e0rl ausdr\u00fccklich akzeptiert.<br>Solutions Custom Made S\u00e0rl beh\u00e4lt sich das Recht vor, die AGB jederzeit ohne Vorank\u00fcndigung zu \u00e4ndern. Die \u00c4nderungen treten in Kraft, sobald sie online ver\u00f6ffentlicht werden. <\/p>\n<h2>2. Vorschl\u00e4ge und Zustandekommen des Vertrages<\/h2>\n<p><span style=\"font-size: 14.4px;\">Die Informationen auf der Website und in den Gesch\u00e4ftsunterlagen dienen der Information und sind nicht vertraglich bindend.<\/span><\/p>\n<p>Die Best\u00e4tigung der Online-Bestellung durch den Kunden stellt eine feste und endg\u00fcltige Verpflichtung dar.<br>Solutions Custom Made S\u00e0rl wird den Eingang der Bestellung unverz\u00fcglich best\u00e4tigen.<br>Im Falle einer Unm\u00f6glichkeit der Lieferung oder eines Preisfehlers wird Solutions Custom Made S\u00e0rl den Kunden kontaktieren, um eine alternative L\u00f6sung zu vereinbaren.<br>Die Produktspezifikationen (Abmessungen, Gewicht usw.) sind unverbindlich und nicht bindend, es sei denn, dies wird ausdr\u00fccklich erw\u00e4hnt.<\/p>\n<h2>3. Identit\u00e4t des Auftragnehmers<\/h2>\n<p><span style=\"font-size: 14.4px;\">Solutions Custom Made S\u00e0rl, Rue de Combremont 4, CH-1908 Riddes, Schweiz. Email: info@solutionscustom.ch. <\/span><\/p>\n<h2>4. Lieferung<\/h2>\n<p><span style=\"font-size: 14.4px;\">Die Lieferung erfolgt in der Schweiz und in Liechtenstein durch DHL f\u00fcr Pakete bis 30 kg. Bei schwereren Paketen erfolgt die Lieferung per Spedition bis zur Bordsteinkante. <\/span><\/p>\n<p>Die Lieferzeiten f\u00fcr Artikel auf Lager variieren zwischen 2 und 4 Werktagen.<br>F\u00fcr Sonderbestellungen wird eine spezifische Frist mitgeteilt.<br>Die Lieferzeiten sind Richtwerte, sofern nicht ausdr\u00fccklich etwas anderes vereinbart wurde.<br>Solutions Custom Made S\u00e0rl haftet nur f\u00fcr die Einhaltung der Fristen durch ihre Lieferpartner.<br>Bei Lieferung mit Montage muss die Zug\u00e4nglichkeit vom Kunden gew\u00e4hrleistet werden.<br>Sichtbare Sch\u00e4den sind sofort bei Erhalt, versteckte Sch\u00e4den innerhalb von 4 Tagen zu melden.<\/p>\n<h2>5. Zahlung und Eigentumsvorbehalt<\/h2>\n<p><span style=\"font-size: 14.4px;\">Akzeptierte Zahlungsmittel: Kreditkarte, TWINT.<\/span><\/p>\n<p>Die Waren bleiben bis zur vollst\u00e4ndigen Bezahlung Eigentum von Solutions Custom Made S\u00e0rl.<\/p>\n<h2>6. Kauf auf Rechnung<\/h2>\n<p><span style=\"font-size: 14.4px;\">Der Kauf auf Rechnung ist unter bestimmten Bedingungen m\u00f6glich und wird von einem externen Dienst verwaltet.<\/span><\/p>\n<p>Solutions Custom Made S\u00e0rl bleibt f\u00fcr die Erf\u00fcllung des Vertrags verantwortlich, mit Ausnahme der Erhebung und Verarbeitung von Zahlungen.<\/p>\n<h2>7. Garantie<\/h2>\n<p><span style=\"font-size: 14.4px;\">Solutions Custom Made S\u00e0rl bietet eine zweij\u00e4hrige Garantie auf seine Produkte gegen Herstellungsfehler, sofern nicht anders angegeben.<\/span><\/p>\n<p>Die Garantie deckt keine Sch\u00e4den ab, die durch Missbrauch, unsachgem\u00e4\u00dfe Wartung oder nicht genehmigte \u00c4nderungen entstanden sind.<br>Geringf\u00fcgige Abweichungen k\u00f6nnen nicht Gegenstand von Garantieanspr\u00fcchen sein.<\/p>\n<h2>8. Zur\u00fcck<\/h2>\n<p><span style=\"font-size: 14.4px;\">R\u00fccksendungen werden unter bestimmten Bedingungen und nach vorheriger Zustimmung von Solutions Custom Made S\u00e0rl akzeptiert.<\/span><\/p>\n<p>Die Artikel m\u00fcssen im Originalzustand und in der Originalverpackung innerhalb von 10 Tagen zur\u00fcckgeschickt werden.<br>Die Kosten f\u00fcr die R\u00fccksendung tr\u00e4gt der Kunde.<br>Der Kunde ist f\u00fcr die ordnungsgem\u00e4\u00dfe Verpackung der zur\u00fcckgeschickten Artikel verantwortlich.<\/p>\n<h2>9. Datenschutz<\/h2>\n<p><span style=\"font-size: 14.4px;\">Solutions Custom Made S\u00e0rl verpflichtet sich, die pers\u00f6nlichen Daten seiner Kunden in \u00dcbereinstimmung mit den geltenden Gesetzen zu sch\u00fctzen.<\/span><\/p>\n<h2><span style=\"font-size: 23.040001px; color: #333333;\">10. Verantwortung<\/span><\/h2>\n<p><span style=\"font-size: 14.4px;\">Solutions Custom Made S\u00e0rl haftet nicht f\u00fcr indirekte Sch\u00e4den, die mit der Nutzung ihrer Website oder der Ausf\u00fchrung von Auftr\u00e4gen verbunden sind.<\/span><\/p>\n<h2>11. Schlussbestimmungen<\/h2>\n<p><span style=\"font-size: 14.4px;\">Der Gerichtsstand befindet sich am Sitz von Solutions Custom Made S\u00e0rl, und das Schweizer Recht ist anwendbar.<\/span><\/p>\n<p>Sollte eine Bestimmung dieser AGB f\u00fcr ung\u00fcltig befunden werden, so ber\u00fchrt dies nicht die G\u00fcltigkeit der \u00fcbrigen Klauseln.<\/p>\n\n\t\t<\/div>\n\t\t\t\t\t<\/div>\n\n\t\n\n\t<div id=\"col-1224887462\" class=\"col medium-6 small-12 large-6\"  >\n\t\t\t\t<div class=\"col-inner\"  >\n\t\t\t\n\t\t\t\n\n\t<div class=\"img has-hover x md-x lg-x y md-y lg-y\" id=\"image_1951406859\">\n\t\t\t\t\t\t\t\t<div class=\"img-inner box-shadow-2 dark\" >\n\t\t\t\t\t\t\t\t\t\n\t\t\t\t\t<\/div>\n\t\t\t\t\t\t\t\t\n<style>\n#image_1951406859 {\n  width: 100%;\n}\n<\/style>\n\t<\/div>\n\t\n\n\n\t\t<\/div>\n\t\t\t\t\t<\/div>\n\n\t\n\n<\/div>\n\n\t\t<\/div>\n\n\t\t\n<style>\n#section_289092984 {\n  padding-top: 60px;\n  padding-bottom: 60px;\n  background-color: rgb(193, 193, 193);\n}\n#section_289092984 .section-bg-overlay {\n  background-color: rgba(255, 255, 255, 0.85);\n}\n<\/style>\n\t<\/section>\n\t\n\n","protected":false},"excerpt":{"rendered":"","protected":false},"author":1,"featured_media":0,"parent":0,"menu_order":0,"comment_status":"closed","ping_status":"closed","template":"page-blank.php","meta":{"_acf_changed":false,"footnotes":""},"class_list":["post-12676","page","type-page","status-publish","hentry"],"acf":[],"_links":{"self":[{"href":"https:\/\/escape-speakers.ch\/de\/wp-json\/wp\/v2\/pages\/12676","targetHints":{"allow":["GET"]}}],"collection":[{"href":"https:\/\/escape-speakers.ch\/de\/wp-json\/wp\/v2\/pages"}],"about":[{"href":"https:\/\/escape-speakers.ch\/de\/wp-json\/wp\/v2\/types\/page"}],"author":[{"embeddable":true,"href":"https:\/\/escape-speakers.ch\/de\/wp-json\/wp\/v2\/users\/1"}],"replies":[{"embeddable":true,"href":"https:\/\/escape-speakers.ch\/de\/wp-json\/wp\/v2\/comments?post=12676"}],"version-history":[{"count":2,"href":"https:\/\/escape-speakers.ch\/de\/wp-json\/wp\/v2\/pages\/12676\/revisions"}],"predecessor-version":[{"id":13039,"href":"https:\/\/escape-speakers.ch\/de\/wp-json\/wp\/v2\/pages\/12676\/revisions\/13039"}],"wp:attachment":[{"href":"https:\/\/escape-speakers.ch\/de\/wp-json\/wp\/v2\/media?parent=12676"}],"curies":[{"name":"wp","href":"https:\/\/api.w.org\/{rel}","templated":true}]}}