{"id":12682,"date":"2024-04-16T23:10:24","date_gmt":"2024-04-16T21:10:24","guid":{"rendered":"https:\/\/prod.escape-speakers.ch\/kontakt\/"},"modified":"2024-11-09T00:14:30","modified_gmt":"2024-11-08T23:14:30","slug":"kontakt","status":"publish","type":"page","link":"https:\/\/escape-speakers.ch\/de\/kontakt\/","title":{"rendered":"Kontakt"},"content":{"rendered":"\n\n  <div class=\"banner has-hover\" id=\"banner-567345435\">\n          <div class=\"banner-inner fill\">\n        <div class=\"banner-bg fill\" >\n                                    <div class=\"overlay\"><\/div>            \n                    <\/div>\n\t\t\n        <div class=\"banner-layers container\">\n            <div class=\"fill banner-link\"><\/div>            \n\n   <div id=\"text-box-1487617815\" class=\"text-box banner-layer x50 md-x50 lg-x50 y95 md-y50 lg-y50 res-text\">\n                                <div class=\"text-box-content text \">\n              \n              <div class=\"text-inner text-left\">\n                  \n\n\t<div id=\"text-179940990\" class=\"text\">\n\t\t\n\n<h3 class=\"uppercase\"><strong>KONTAKTIEREN SIE UNS<\/strong><\/h3>\n\t\t\n<style>\n#text-179940990 {\n  text-align: center;\n  color: rgb(255,255,255);\n}\n#text-179940990 > * {\n  color: rgb(255,255,255);\n}\n<\/style>\n\t<\/div>\n\t\n\n              <\/div>\n           <\/div>\n                            \n<style>\n#text-box-1487617815 .text-inner {\n  padding: 30px 30px 30px 30px;\n}\n#text-box-1487617815 {\n  width: 90%;\n}\n#text-box-1487617815 .text-box-content {\n  font-size: 100%;\n}\n@media (min-width:550px) {\n  #text-box-1487617815 {\n    width: 44%;\n  }\n}\n<\/style>\n    <\/div>\n \n\n        <\/div>\n      <\/div>\n\n            \n<style>\n#banner-567345435 {\n  padding-top: 200px;\n}\n#banner-567345435 .overlay {\n  background-color: rgba(0, 0, 0, 0.227);\n}\n#banner-567345435 .banner-bg img {\n  object-position: 57% 50%;\n}\n<\/style>\n  <\/div>\n\n\n\n\t<section class=\"section\" id=\"section_2117136672\">\n\t\t<div class=\"section-bg fill\" >\n\t\t\t\t\t\t\t\t\t<div class=\"section-bg-overlay absolute fill\"><\/div>\n\t\t\t\n\t<div class=\"is-border\"\n\t\tstyle=\"border-width:1px 0px 1px 0px;\">\n\t<\/div>\n\n\t\t<\/div>\n\n\t\t\n\n\t\t<div class=\"section-content relative\">\n\t\t\t\n\n<div class=\"row row-large align-middle\"  id=\"row-1907474990\">\n\n\n\t<div id=\"col-893506564\" class=\"col medium-6 small-12 large-6\"  >\n\t\t\t\t<div class=\"col-inner\"  >\n\t\t\t\n\t\t\t\n\n\t<div class=\"img has-hover x md-x lg-x y md-y lg-y\" id=\"image_1963119309\">\n\t\t\t\t\t\t\t\t<div class=\"img-inner box-shadow-2 dark\" >\n\t\t\t<img loading=\"lazy\" decoding=\"async\" width=\"1020\" height=\"574\" src=\"https:\/\/escape-speakers.ch\/wp-content\/uploads\/2024\/09\/first-frame-1024x576.jpg\" class=\"attachment-large size-large\" alt=\"\" srcset=\"https:\/\/escape-speakers.ch\/wp-content\/uploads\/2024\/09\/first-frame-1024x576.jpg 1024w, https:\/\/escape-speakers.ch\/wp-content\/uploads\/2024\/09\/first-frame-300x169.jpg 300w, https:\/\/escape-speakers.ch\/wp-content\/uploads\/2024\/09\/first-frame-768x432.jpg 768w, https:\/\/escape-speakers.ch\/wp-content\/uploads\/2024\/09\/first-frame-1536x864.jpg 1536w, https:\/\/escape-speakers.ch\/wp-content\/uploads\/2024\/09\/first-frame-510x287.jpg 510w, https:\/\/escape-speakers.ch\/wp-content\/uploads\/2024\/09\/first-frame.jpg 1560w\" sizes=\"auto, (max-width: 1020px) 100vw, 1020px\" \/>\t\t\t\t\t\t\n\t\t\t\t\t<\/div>\n\t\t\t\t\t\t\t\t\n<style>\n#image_1963119309 {\n  width: 100%;\n}\n<\/style>\n\t<\/div>\n\t\n\n\n\t\t<\/div>\n\t\t\t\t\t<\/div>\n\n\t\n\n\t<div id=\"col-1731968257\" class=\"col medium-6 small-12 large-6\"  >\n\t\t\t\t<div class=\"col-inner text-left\"  >\n\t\t\t\n\t\t\t\n\n<h2 class=\"uppercase\">KoordinateS<\/h2>\n\t<div class=\"ux-menu stack stack-col justify-start ux-menu--divider-solid\">\n\t\t\n\n\t<div class=\"ux-menu-link flex menu-item\">\n\t\t<a class=\"ux-menu-link__link flex\" href=\"https:\/\/escape-speakers.ch\" >\n\t\t\t\t\t\t<span class=\"ux-menu-link__text\">\n\t\t\t\tEscape Speaker Swiss\t\t\t<\/span>\n\t\t<\/a>\n\t<\/div>\n\t\n\n\t<div class=\"ux-menu-link flex menu-item\">\n\t\t<a class=\"ux-menu-link__link flex\" href=\"https:\/\/escape-speakers.ch\" >\n\t\t\t\t\t\t<span class=\"ux-menu-link__text\">\n\t\t\t\tL\u00f6sungen Custome Made\t\t\t<\/span>\n\t\t<\/a>\n\t<\/div>\n\t\n\n\t<div class=\"ux-menu-link flex menu-item\">\n\t\t<a class=\"ux-menu-link__link flex\" href=\"https:\/\/escape-speakers.ch\" >\n\t\t\t\t\t\t<span class=\"ux-menu-link__text\">\n\t\t\t\tRue de Combrement 4\t\t\t<\/span>\n\t\t<\/a>\n\t<\/div>\n\t\n\n\t<div class=\"ux-menu-link flex menu-item\">\n\t\t<a class=\"ux-menu-link__link flex\" href=\"https:\/\/escape-speakers.ch\" >\n\t\t\t\t\t\t<span class=\"ux-menu-link__text\">\n\t\t\t\t1908 Riddes\t\t\t<\/span>\n\t\t<\/a>\n\t<\/div>\n\t\n\n\n\t<\/div>\n\t\n<div class=\"social-icons follow-icons\" ><a href=\"http:\/\/url\" target=\"_blank\" data-label=\"Facebook\" class=\"icon button circle is-outline facebook tooltip\" title=\"Auf Facebook folgen\" aria-label=\"Auf Facebook folgen\" rel=\"noopener nofollow\" ><i class=\"icon-facebook\" ><\/i><\/a><a href=\"http:\/\/url\" target=\"_blank\" data-label=\"Instagram\" class=\"icon button circle is-outline instagram tooltip\" title=\"Auf Instagram folgen\" aria-label=\"Auf Instagram folgen\" rel=\"noopener nofollow\" ><i class=\"icon-instagram\" ><\/i><\/a><a href=\"http:\/\/url\" data-label=\"Twitter\" target=\"_blank\" class=\"icon button circle is-outline twitter tooltip\" title=\"Auf Twitter folgen\" aria-label=\"Auf Twitter folgen\" rel=\"noopener nofollow\" ><i class=\"icon-twitter\" ><\/i><\/a><a href=\"mailto:your@email\" data-label=\"E-mail\" target=\"_blank\" class=\"icon button circle is-outline email tooltip\" title=\"Sende uns eine E-Mail\" aria-label=\"Sende uns eine E-Mail\" rel=\"nofollow noopener\" ><i class=\"icon-envelop\" ><\/i><\/a><\/div>\n\n\n\t\t<\/div>\n\t\t\t\t\t<\/div>\n\n\t\n\n<\/div>\n\n\t\t<\/div>\n\n\t\t\n<style>\n#section_2117136672 {\n  padding-top: 60px;\n  padding-bottom: 60px;\n  background-color: rgb(193, 193, 193);\n}\n#section_2117136672 .section-bg-overlay {\n  background-color: rgba(255, 255, 255, 0.85);\n}\n<\/style>\n\t<\/section>\n\t\n\n\t<section class=\"section\" id=\"section_41921304\">\n\t\t<div class=\"section-bg fill\" >\n\t\t\t\t\t\t\t\t\t<div class=\"section-bg-overlay absolute fill\"><\/div>\n\t\t\t\n\n\t\t<\/div>\n\n\t\t\n\n\t\t<div class=\"section-content relative\">\n\t\t\t\n\n<div class=\"row row-large align-middle\"  id=\"row-686547939\">\n\n\n\t<div id=\"col-1143052821\" class=\"col medium-6 small-12 large-6\"  >\n\t\t\t\t<div class=\"col-inner text-left\"  >\n\t\t\t\n\t\t\t\n\n<h2 class=\"uppercase\">Formular<\/h2>\n<p>Kontaktieren Sie uns, wenn Sie Fragen zu unserem Unternehmen oder unseren Dienstleistungen haben.<br \/>Wir werden unser Bestes tun, um Ihnen so schnell wie m\u00f6glich zu antworten.<\/p>\n\n\t\t<\/div>\n\t\t\t\t\t<\/div>\n\n\t\n\n\t<div id=\"col-1223578249\" class=\"col medium-6 small-12 large-6\"  >\n\t\t\t\t<div class=\"col-inner\"  >\n\t\t\t\n\t\t\t\n\n<div class=\"forminator-ui forminator-custom-form forminator-custom-form-12795 forminator-design--material  forminator_ajax\" data-forminator-render=\"0\" data-form=\"forminator-module-12795\" data-uid=\"6a0098f48575c\"><br\/><\/div><form\n\t\t\t\tid=\"forminator-module-12795\"\n\t\t\t\tclass=\"forminator-ui forminator-custom-form forminator-custom-form-12795 forminator-design--material  forminator_ajax\"\n\t\t\t\tmethod=\"post\"\n\t\t\t\tdata-forminator-render=\"0\"\n\t\t\t\tdata-form-id=\"12795\"\n\t\t\t\t data-color-option=\"default\" data-design=\"material\" data-grid=\"open\" style=\"display: none;\"\n\t\t\t\tdata-uid=\"6a0098f48575c\"\n\t\t\t><div role=\"alert\" aria-live=\"polite\" class=\"forminator-response-message forminator-error\" aria-hidden=\"true\"><\/div><div class=\"forminator-row\"><div id=\"name-2\" class=\"forminator-field-name forminator-col forminator-col-6 \"><div class=\"forminator-field\"><label for=\"forminator-field-name-2_6a0098f48575c\" id=\"forminator-field-name-2_6a0098f48575c-label\" class=\"forminator-label\">Nom <span class=\"forminator-required\">*<\/span><\/label><input type=\"text\" name=\"name-2\" value=\"\" placeholder=\"Nom\" id=\"forminator-field-name-2_6a0098f48575c\" class=\"forminator-input forminator-name--field\" aria-required=\"true\" autocomplete=\"name\" \/><\/div><\/div><div id=\"name-1\" class=\"forminator-field-name forminator-col forminator-col-6 \"><div class=\"forminator-field\"><label for=\"forminator-field-name-1_6a0098f48575c\" id=\"forminator-field-name-1_6a0098f48575c-label\" class=\"forminator-label\">Soci\u00e9t\u00e9<\/label><input type=\"text\" name=\"name-1\" value=\"\" placeholder=\"Soci\u00e9t\u00e9\" id=\"forminator-field-name-1_6a0098f48575c\" class=\"forminator-input forminator-name--field\" aria-required=\"false\" autocomplete=\"name\" \/><\/div><\/div><\/div><div class=\"forminator-row\"><div id=\"phone-1\" class=\"forminator-field-phone forminator-col forminator-col-6 \"><div class=\"forminator-field\"><label for=\"forminator-field-phone-1_6a0098f48575c\" id=\"forminator-field-phone-1_6a0098f48575c-label\" class=\"forminator-label\">Num\u00e9ro de t\u00e9l\u00e9phone<\/label><input type=\"text\" name=\"phone-1\" value=\"\" placeholder=\"Num\u00e9ro de t\u00e9l\u00e9phone\" id=\"forminator-field-phone-1_6a0098f48575c\" class=\"forminator-input forminator-field--phone\" data-required=\"\" aria-required=\"false\" autocomplete=\"off\" \/><\/div><\/div><div id=\"email-1\" class=\"forminator-field-email forminator-col forminator-col-6 \"><div class=\"forminator-field\"><label for=\"forminator-field-email-1_6a0098f48575c\" id=\"forminator-field-email-1_6a0098f48575c-label\" class=\"forminator-label\">Adresse e-mail <span class=\"forminator-required\">*<\/span><\/label><input type=\"email\" name=\"email-1\" value=\"\" placeholder=\"Adresse e-mail *\" id=\"forminator-field-email-1_6a0098f48575c\" class=\"forminator-input forminator-email--field\" data-required=\"true\" aria-required=\"true\" autocomplete=\"email\" \/><\/div><\/div><\/div><div class=\"forminator-row\"><div id=\"checkbox-1\" class=\"forminator-field-checkbox forminator-col forminator-col-12 \"><div role=\"group\" class=\"forminator-field\" aria-labelledby=\"forminator-checkbox-group-forminator-field-checkbox-1-6a0098f48575c-label\"><label id=\"forminator-field-checkbox-1-1-6a0098f48575c-label\" for=\"forminator-field-checkbox-1-1-6a0098f48575c\" class=\"forminator-checkbox\" title=\"Int\u00e9ress\u00e9 \u00e0 devenir un point de vente autoris\u00e9 Escape?\"><input type=\"checkbox\" name=\"checkbox-1[]\" value=\"Int\u00e9ress\u00e9-\u00e0-devenir-un-point-de-vente-autoris\u00e9-Escape?\" id=\"forminator-field-checkbox-1-1-6a0098f48575c\" aria-labelledby=\"forminator-field-checkbox-1-1-6a0098f48575c-label\" data-calculation=\"0\"   data-hidden-behavior=\"zero\"\/><span class=\"forminator-checkbox-box\" aria-hidden=\"true\"><\/span><span class=\"forminator-checkbox-label\">Int\u00e9ress\u00e9 \u00e0 devenir un point de vente autoris\u00e9 Escape?<\/span><\/label><\/div><\/div><\/div><div class=\"forminator-row\"><div id=\"html-1\" class=\"forminator-field-html forminator-col forminator-col-12 \"><div class=\"forminator-field forminator-merge-tags\" data-field=\"html-1\"><div>\n<div>Merci de votre int\u00e9r\u00eat \u00e0 devenir un point de vente autoris\u00e9 Escape.<\/div>\n<div>Escape sprl n&#8217;accepte actuellement que des demandes de soci\u00e9t\u00e9s qui disposent de magasins physiques. Nous travaillons via un r\u00e9seau de distribution s\u00e9lectif. Les d\u00e9taillants autoris\u00e9s NE peuvent PAS vendre les produits Escape en ligne.<\/div>\n<\/div><\/div><\/div><\/div><div class=\"forminator-row\"><div id=\"name-4\" class=\"forminator-field-name forminator-col forminator-col-6 \"><div class=\"forminator-field\"><label for=\"forminator-field-name-4_6a0098f48575c\" id=\"forminator-field-name-4_6a0098f48575c-label\" class=\"forminator-label\">Num\u00e9ro de TVA (UE uniquement) <span class=\"forminator-required\">*<\/span><\/label><input type=\"text\" name=\"name-4\" value=\"\" placeholder=\"Num\u00e9ro de TVA (UE uniquement)\" id=\"forminator-field-name-4_6a0098f48575c\" class=\"forminator-input forminator-name--field\" aria-required=\"true\" autocomplete=\"name\" \/><\/div><\/div><div id=\"name-5\" class=\"forminator-field-name forminator-col forminator-col-6 \"><div class=\"forminator-field\"><label for=\"forminator-field-name-5_6a0098f48575c\" id=\"forminator-field-name-5_6a0098f48575c-label\" class=\"forminator-label\">Num\u00e9ro d&#039;identification de l&#039;entreprise<\/label><input type=\"text\" name=\"name-5\" value=\"\" placeholder=\"Num\u00e9ro d&#039;identification de l&#039;entreprise\" id=\"forminator-field-name-5_6a0098f48575c\" class=\"forminator-input forminator-name--field\" aria-required=\"false\" autocomplete=\"name\" \/><\/div><\/div><\/div><div class=\"forminator-row\"><div id=\"select-1\" class=\"forminator-field-select forminator-col forminator-col-6 \"><div class=\"forminator-field\"><select  id=\"forminator-form-12795__field--select-1_6a0098f48575c\" class=\"forminator-select--field forminator-select2 forminator-select2-multiple\" data-required=\"1\" name=\"select-1\" data-default-value=\"\" data-hidden-behavior=\"zero\" data-placeholder=\"Type de magasin ou d&#039;activit\u00e9s  *\" data-search=\"false\" data-search-placeholder=\"Type de magasin ou d&#039;activit\u00e9s  *\" data-checkbox=\"false\" data-allow-clear=\"false\" aria-labelledby=\"forminator-form-12795__field--select-1_6a0098f48575c-label\"><option value=\"\"  >Type de magasin ou d&#039;activit\u00e9s  *<\/option><option value=\"Mat\u00e9riel Haute Fid\u00e9lit\u00e9\"  data-calculation=\"0\">Mat\u00e9riel Haute Fid\u00e9lit\u00e9<\/option><option value=\"Piscine et Spa\"  data-calculation=\"0\">Piscine et Spa<\/option><option value=\"Mobilier d&#039;ext\u00e9rieur haut de gamme\"  data-calculation=\"0\">Mobilier d&#8217;ext\u00e9rieur haut de gamme<\/option><\/select><\/div><\/div><div id=\"name-6\" class=\"forminator-field-name forminator-col forminator-col-6 \"><div class=\"forminator-field\"><label for=\"forminator-field-name-6_6a0098f48575c\" id=\"forminator-field-name-6_6a0098f48575c-label\" class=\"forminator-label\">Ann\u00e9e de fondation <span class=\"forminator-required\">*<\/span><\/label><input type=\"text\" name=\"name-6\" value=\"\" placeholder=\"Ann\u00e9e de fondation\" id=\"forminator-field-name-6_6a0098f48575c\" class=\"forminator-input forminator-name--field\" aria-required=\"true\" autocomplete=\"name\" \/><\/div><\/div><\/div><div class=\"forminator-row\"><div id=\"name-8\" class=\"forminator-field-name forminator-col forminator-col-6 \"><div class=\"forminator-field\"><label for=\"forminator-field-name-8_6a0098f48575c\" id=\"forminator-field-name-8_6a0098f48575c-label\" class=\"forminator-label\">Nombre d&#039;emplacements <span class=\"forminator-required\">*<\/span><\/label><input type=\"text\" name=\"name-8\" value=\"\" placeholder=\"Nombre d&#039;emplacements\" id=\"forminator-field-name-8_6a0098f48575c\" class=\"forminator-input forminator-name--field\" aria-required=\"true\" autocomplete=\"name\" \/><\/div><\/div><div id=\"url-1\" class=\"forminator-field-url forminator-col forminator-col-6 \"><div class=\"forminator-field\"><label for=\"forminator-field-url-1_6a0098f48575c\" id=\"forminator-field-url-1_6a0098f48575c-label\" class=\"forminator-label\">Site Internet <span class=\"forminator-required\">*<\/span><\/label><input type=\"url\" name=\"url-1\" value=\"\" placeholder=\"Site Internet\" id=\"forminator-field-url-1_6a0098f48575c\" class=\"forminator-input forminator-website--field\" data-required=\"1\" aria-required=\"true\" \/><\/div><\/div><\/div><div class=\"forminator-row\"><div id=\"name-7\" class=\"forminator-field-name forminator-col forminator-col-6 \"><div class=\"forminator-field\"><label for=\"forminator-field-name-7_6a0098f48575c\" id=\"forminator-field-name-7_6a0098f48575c-label\" class=\"forminator-label\">Ville <span class=\"forminator-required\">*<\/span><\/label><input type=\"text\" name=\"name-7\" value=\"\" placeholder=\"Ville\" id=\"forminator-field-name-7_6a0098f48575c\" class=\"forminator-input forminator-name--field\" aria-required=\"true\" autocomplete=\"name\" \/><\/div><\/div><div id=\"name-9\" class=\"forminator-field-name forminator-col forminator-col-6 \"><div class=\"forminator-field\"><label for=\"forminator-field-name-9_6a0098f48575c\" id=\"forminator-field-name-9_6a0098f48575c-label\" class=\"forminator-label\">Code postal <span class=\"forminator-required\">*<\/span><\/label><input type=\"text\" name=\"name-9\" value=\"\" placeholder=\"Code postal\" id=\"forminator-field-name-9_6a0098f48575c\" class=\"forminator-input forminator-name--field\" aria-required=\"true\" autocomplete=\"name\" \/><\/div><\/div><\/div><div class=\"forminator-row\"><div id=\"name-10\" class=\"forminator-field-name forminator-col forminator-col-6 \"><div class=\"forminator-field\"><label for=\"forminator-field-name-10_6a0098f48575c\" id=\"forminator-field-name-10_6a0098f48575c-label\" class=\"forminator-label\">\u00e9tat \/ province \/ r\u00e9gion<\/label><input type=\"text\" name=\"name-10\" value=\"\" placeholder=\"\u00e9tat \/ province \/ r\u00e9gion\" id=\"forminator-field-name-10_6a0098f48575c\" class=\"forminator-input forminator-name--field\" aria-required=\"false\" autocomplete=\"name\" \/><\/div><\/div><div id=\"name-11\" class=\"forminator-field-name forminator-col forminator-col-6 \"><div class=\"forminator-field\"><label for=\"forminator-field-name-11_6a0098f48575c\" id=\"forminator-field-name-11_6a0098f48575c-label\" class=\"forminator-label\">Pays <span class=\"forminator-required\">*<\/span><\/label><input type=\"text\" name=\"name-11\" value=\"\" placeholder=\"Pays\" id=\"forminator-field-name-11_6a0098f48575c\" class=\"forminator-input forminator-name--field\" aria-required=\"true\" autocomplete=\"name\" \/><\/div><\/div><\/div><div class=\"forminator-row\"><div id=\"name-3\" class=\"forminator-field-name forminator-col forminator-col-12 \"><div class=\"forminator-field\"><label for=\"forminator-field-name-3_6a0098f48575c\" id=\"forminator-field-name-3_6a0098f48575c-label\" class=\"forminator-label\">Message <span class=\"forminator-required\">*<\/span><\/label><input type=\"text\" name=\"name-3\" value=\"\" placeholder=\"Message\" id=\"forminator-field-name-3_6a0098f48575c\" class=\"forminator-input forminator-name--field\" aria-required=\"true\" autocomplete=\"name\" \/><\/div><\/div><\/div><div class=\"forminator-row\"><div id=\"captcha-1\" class=\"forminator-field-captcha forminator-col forminator-col-12 \"><div class=\"forminator-captcha-left forminator-g-recaptcha\" data-theme=\"light\"  data-sitekey=\"6LeraHgqAAAAAIELqYOHw8F5vKlkLfoqJMyiaWHO\" data-size=\"normal\"><\/div> <\/div><\/div><input type=\"hidden\" name=\"referer_url\" value=\"\" \/><div class=\"forminator-row forminator-row-last\"><div class=\"forminator-col\"><div class=\"forminator-field\"><button class=\"forminator-button forminator-button-submit\"><span>Soumettre<\/span><span aria-hidden=\"true\"><\/span><\/button><\/div><\/div><\/div><input type=\"hidden\" id=\"forminator_nonce\" name=\"forminator_nonce\" value=\"1c92001363\" \/><input type=\"hidden\" name=\"_wp_http_referer\" value=\"\/de\/wp-json\/wp\/v2\/pages\/12682\" \/><input type=\"hidden\" name=\"form_id\" value=\"12795\"><input type=\"hidden\" name=\"page_id\" value=\"12682\"><input type=\"hidden\" name=\"form_type\" value=\"default\"><input type=\"hidden\" name=\"current_url\" value=\"https:\/\/escape-speakers.ch\/de\/kontakt\/\"><input type=\"hidden\" name=\"render_id\" value=\"0\"><input type=\"hidden\" name=\"action\" value=\"forminator_submit_form_custom-forms\"><\/form><\/p>\n\t<div class=\"img has-hover x md-x lg-x y md-y lg-y\" id=\"image_237061840\">\n\t\t\t\t\t\t\t\t<div class=\"img-inner box-shadow-2 dark\" >\n\t\t\t\t\t\t\t\t\t\n\t\t\t\t\t<\/div>\n\t\t\t\t\t\t\t\t\n<style>\n#image_237061840 {\n  width: 100%;\n}\n<\/style>\n\t<\/div>\n\t\n\n\n\t\t<\/div>\n\t\t\t\t\t<\/div>\n\n\t\n\n<\/div>\n\n\t\t<\/div>\n\n\t\t\n<style>\n#section_41921304 {\n  padding-top: 60px;\n  padding-bottom: 60px;\n  background-color: rgb(255, 255, 255);\n}\n#section_41921304 .section-bg-overlay {\n  background-color: rgba(255, 255, 255, 0.85);\n}\n<\/style>\n\t<\/section>\n\t\n\n","protected":false},"excerpt":{"rendered":"","protected":false},"author":1,"featured_media":0,"parent":0,"menu_order":0,"comment_status":"closed","ping_status":"closed","template":"page-blank.php","meta":{"_acf_changed":false,"footnotes":""},"class_list":["post-12682","page","type-page","status-publish","hentry"],"acf":[],"_links":{"self":[{"href":"https:\/\/escape-speakers.ch\/de\/wp-json\/wp\/v2\/pages\/12682","targetHints":{"allow":["GET"]}}],"collection":[{"href":"https:\/\/escape-speakers.ch\/de\/wp-json\/wp\/v2\/pages"}],"about":[{"href":"https:\/\/escape-speakers.ch\/de\/wp-json\/wp\/v2\/types\/page"}],"author":[{"embeddable":true,"href":"https:\/\/escape-speakers.ch\/de\/wp-json\/wp\/v2\/users\/1"}],"replies":[{"embeddable":true,"href":"https:\/\/escape-speakers.ch\/de\/wp-json\/wp\/v2\/comments?post=12682"}],"version-history":[{"count":4,"href":"https:\/\/escape-speakers.ch\/de\/wp-json\/wp\/v2\/pages\/12682\/revisions"}],"predecessor-version":[{"id":12812,"href":"https:\/\/escape-speakers.ch\/de\/wp-json\/wp\/v2\/pages\/12682\/revisions\/12812"}],"wp:attachment":[{"href":"https:\/\/escape-speakers.ch\/de\/wp-json\/wp\/v2\/media?parent=12682"}],"curies":[{"name":"wp","href":"https:\/\/api.w.org\/{rel}","templated":true}]}}