{"id":12684,"date":"2024-03-05T10:58:51","date_gmt":"2024-03-05T09:58:51","guid":{"rendered":"https:\/\/prod.escape-speakers.ch\/startseite\/"},"modified":"2024-11-09T00:14:20","modified_gmt":"2024-11-08T23:14:20","slug":"startseite","status":"publish","type":"page","link":"https:\/\/escape-speakers.ch\/de\/","title":{"rendered":"Startseite"},"content":{"rendered":"\n<div class=\"slider-wrapper relative\" id=\"slider-2008864688\" >\n    <div class=\"slider slider-nav-circle slider-nav-large slider-nav-light slider-style-normal\"\n        data-flickity-options='{\n            \"cellAlign\": \"center\",\n            \"imagesLoaded\": true,\n            \"lazyLoad\": 1,\n            \"freeScroll\": false,\n            \"wrapAround\": true,\n            \"autoPlay\": 6000,\n            \"pauseAutoPlayOnHover\" : true,\n            \"prevNextButtons\": true,\n            \"contain\" : true,\n            \"adaptiveHeight\" : true,\n            \"dragThreshold\" : 10,\n            \"percentPosition\": true,\n            \"pageDots\": true,\n            \"rightToLeft\": false,\n            \"draggable\": true,\n            \"selectedAttraction\": 0.1,\n            \"parallax\" : 0,\n            \"friction\": 0.6        }'\n        >\n        \n\n\n  <div class=\"banner has-hover\" id=\"banner-323373168\">\n          <div class=\"banner-inner fill\">\n        <div class=\"banner-bg fill\" >\n            <img loading=\"lazy\" decoding=\"async\" width=\"1560\" height=\"878\" src=\"https:\/\/escape-speakers.ch\/wp-content\/uploads\/2024\/09\/first-frame.jpg\" class=\"bg attachment-original size-original\" alt=\"\" \/>                                    \n                    <\/div>\n\t\t\n        <div class=\"banner-layers container\">\n            <div class=\"fill banner-link\"><\/div>            \n\n   <div id=\"text-box-433292855\" class=\"text-box banner-layer x50 md-x10 lg-x10 y10 md-y15 lg-y15 res-text\">\n                                <div class=\"text-box-content text \">\n              \n              <div class=\"text-inner text-center\">\n                  \n\n\t<div class=\"img has-hover x md-x lg-x y md-y lg-y\" id=\"image_1921568968\">\n\t\t\t\t\t\t\t\t<div class=\"img-inner dark\" >\n\t\t\t\t\t\t\t\t\t\n\t\t\t\t\t<\/div>\n\t\t\t\t\t\t\t\t\n<style>\n#image_1921568968 {\n  width: 100%;\n}\n<\/style>\n\t<\/div>\n\t\n\n\n              <\/div>\n           <\/div>\n                            \n<style>\n#text-box-433292855 .text-inner {\n  padding: 30px 30px 30px 30px;\n}\n#text-box-433292855 {\n  width: 90%;\n}\n#text-box-433292855 .text-box-content {\n  font-size: 100%;\n}\n@media (min-width:550px) {\n  #text-box-433292855 {\n    width: 42%;\n  }\n}\n<\/style>\n    <\/div>\n \n\n        <\/div>\n      <\/div>\n\n            \n<style>\n#banner-323373168 {\n  padding-top: 637px;\n}\n#banner-323373168 .banner-bg img {\n  object-position: 62% 60%;\n}\n<\/style>\n  <\/div>\n\n\n\n     <\/div>\n\n     <div class=\"loading-spin dark large centered\"><\/div>\n\n\t<\/div>\n\n\n\n\t<section class=\"section\" id=\"section_1518968290\">\n\t\t<div class=\"section-bg fill\" >\n\t\t\t\t\t\t\t\t\t<div class=\"section-bg-overlay absolute fill\"><\/div>\n\t\t\t\n\t<div class=\"is-border\"\n\t\tstyle=\"border-width:1px 0px 1px 0px;\">\n\t<\/div>\n\n\t\t<\/div>\n\n\t\t\n\n\t\t<div class=\"section-content relative\">\n\t\t\t\n\n<div class=\"row row-large align-middle align-center\"  id=\"row-1243389660\">\n\n\n\t<div id=\"col-457613900\" class=\"col medium-9 small-12 large-9\"  >\n\t\t\t\t<div class=\"col-inner text-center\"  >\n\t\t\t\n\t\t\t\n\n<h2 class=\"uppercase\"><span style=\"font-size: 140%;\">Bestseller<\/span><\/h2>\n\t<div id=\"gap-1740939981\" class=\"gap-element clearfix\" style=\"display:block; height:auto;\">\n\t\t\n<style>\n#gap-1740939981 {\n  padding-top: 30px;\n}\n<\/style>\n\t<\/div>\n\t\n\n\t\n  \n    <div class=\"row  equalize-box large-columns-3 medium-columns- small-columns-2 row-small slider row-slider slider-nav-simple slider-nav-outside slider-nav-push\"  data-flickity-options='{&quot;imagesLoaded&quot;: true, &quot;groupCells&quot;: &quot;100%&quot;, &quot;dragThreshold&quot; : 5, &quot;cellAlign&quot;: &quot;left&quot;,&quot;wrapAround&quot;: true,&quot;prevNextButtons&quot;: true,&quot;percentPosition&quot;: true,&quot;pageDots&quot;: false, &quot;rightToLeft&quot;: false, &quot;autoPlay&quot; : false}' >\n\n  \n\t     <div class=\"col\" >\n\t\t\t\t\t\t<div class=\"col-inner\">\n\t\t\t\t\t\t\n<div class=\"badge-container absolute left top z-1\">\n\n<\/div>\n\t\t\t\t\t\t<div class=\"product-small box has-hover box-normal box-text-bottom\">\n\t\t\t\t\t\t\t<div class=\"box-image\" style=\"width:80%;\">\n\t\t\t\t\t\t\t\t<div class=\"image-cover\" style=\"padding-top:100%;\">\n\t\t\t\t\t\t\t\t\t<a href=\"https:\/\/escape-speakers.ch\/de\/produkt\/p9-travel-case\/\" aria-label=\"P9 Travel Case\">\n\t\t\t\t\t\t\t\t\t\t<img loading=\"lazy\" decoding=\"async\" width=\"247\" height=\"247\" src=\"https:\/\/escape-speakers.ch\/wp-content\/uploads\/2023\/02\/Escape_Travel-Case_0022-1-247x247.jpg\" class=\"attachment-woocommerce_thumbnail size-woocommerce_thumbnail\" alt=\"P9 Travel Case\" srcset=\"https:\/\/escape-speakers.ch\/wp-content\/uploads\/2023\/02\/Escape_Travel-Case_0022-1-247x247.jpg 247w, https:\/\/escape-speakers.ch\/wp-content\/uploads\/2023\/02\/Escape_Travel-Case_0022-1-150x150.jpg 150w, https:\/\/escape-speakers.ch\/wp-content\/uploads\/2023\/02\/Escape_Travel-Case_0022-1-100x100.jpg 100w\" sizes=\"auto, (max-width: 247px) 100vw, 247px\" \/>\t\t\t\t\t\t\t\t\t<\/a>\n\t\t\t\t\t\t\t\t\t\t\t\t\t\t\t\t\t\t \t\t\t\t\t\t\t\t<\/div>\n\t\t\t\t\t\t\t\t<div class=\"image-tools top right show-on-hover\">\n\t\t\t\t\t\t\t\t\t\t\t\t\t\t\t\t\t<\/div>\n\t\t\t\t\t\t\t\t\t\t\t\t\t\t\t\t\t<div class=\"image-tools grid-tools text-center hide-for-small bottom hover-slide-in show-on-hover\">\n\t\t\t\t\t\t\t\t\t\t\t\t\t\t\t\t\t\t\t<\/div>\n\t\t\t\t\t\t\t\t\t\t\t\t\t\t\t\t\t\t\t\t\t\t\t<\/div>\n\n\t\t\t\t\t\t\t<div class=\"box-text text-center\" >\n\t\t\t\t\t\t\t\t<div class=\"title-wrapper\">\t\t<p class=\"category uppercase is-smaller no-text-overflow product-cat op-7\">\n\t\t\tZubeh\u00f6r\t\t<\/p>\n\t<p class=\"name product-title woocommerce-loop-product__title\"><a href=\"https:\/\/escape-speakers.ch\/de\/produkt\/p9-travel-case\/\" class=\"woocommerce-LoopProduct-link woocommerce-loop-product__link\">P9 Travel Case<\/a><\/p><\/div><div class=\"price-wrapper\">\n\t<span class=\"price\"><span class=\"woocommerce-Price-amount amount\"><bdi><span class=\"woocommerce-Price-currencySymbol\">&#67;&#72;&#70;<\/span>&nbsp;140.00<\/bdi><\/span><\/span>\n<\/div>\t\t\t\t\t\t\t<\/div>\n\t\t\t\t\t\t<\/div>\n\t\t\t\t\t\t<\/div>\n\t\t\t\t\t<\/div><div class=\"col\" >\n\t\t\t\t\t\t<div class=\"col-inner\">\n\t\t\t\t\t\t\n<div class=\"badge-container absolute left top z-1\">\n\n<\/div>\n\t\t\t\t\t\t<div class=\"product-small box has-hover box-normal box-text-bottom\">\n\t\t\t\t\t\t\t<div class=\"box-image\" style=\"width:80%;\">\n\t\t\t\t\t\t\t\t<div class=\"image-cover\" style=\"padding-top:100%;\">\n\t\t\t\t\t\t\t\t\t<a href=\"https:\/\/escape-speakers.ch\/de\/produkt\/p9-tan\/\" aria-label=\"P9 (Tan)\">\n\t\t\t\t\t\t\t\t\t\t<img loading=\"lazy\" decoding=\"async\" width=\"247\" height=\"247\" src=\"https:\/\/escape-speakers.ch\/wp-content\/uploads\/2023\/03\/Escape-P9-Tan-1-247x247.png\" class=\"attachment-woocommerce_thumbnail size-woocommerce_thumbnail\" alt=\"P9 (Tan)\" srcset=\"https:\/\/escape-speakers.ch\/wp-content\/uploads\/2023\/03\/Escape-P9-Tan-1-247x247.png 247w, https:\/\/escape-speakers.ch\/wp-content\/uploads\/2023\/03\/Escape-P9-Tan-1-300x300.png 300w, https:\/\/escape-speakers.ch\/wp-content\/uploads\/2023\/03\/Escape-P9-Tan-1-150x150.png 150w, https:\/\/escape-speakers.ch\/wp-content\/uploads\/2023\/03\/Escape-P9-Tan-1-100x100.png 100w, https:\/\/escape-speakers.ch\/wp-content\/uploads\/2023\/03\/Escape-P9-Tan-1.png 510w\" sizes=\"auto, (max-width: 247px) 100vw, 247px\" \/>\t\t\t\t\t\t\t\t\t<\/a>\n\t\t\t\t\t\t\t\t\t\t\t\t\t\t\t\t\t\t \t\t\t\t\t\t\t\t<\/div>\n\t\t\t\t\t\t\t\t<div class=\"image-tools top right show-on-hover\">\n\t\t\t\t\t\t\t\t\t\t\t\t\t\t\t\t\t<\/div>\n\t\t\t\t\t\t\t\t\t\t\t\t\t\t\t\t\t<div class=\"image-tools grid-tools text-center hide-for-small bottom hover-slide-in show-on-hover\">\n\t\t\t\t\t\t\t\t\t\t\t\t\t\t\t\t\t\t\t<\/div>\n\t\t\t\t\t\t\t\t\t\t\t\t\t\t\t\t\t\t\t\t\t\t\t<\/div>\n\n\t\t\t\t\t\t\t<div class=\"box-text text-center\" >\n\t\t\t\t\t\t\t\t<div class=\"title-wrapper\">\t\t<p class=\"category uppercase is-smaller no-text-overflow product-cat op-7\">\n\t\t\tHaut-parleur\t\t<\/p>\n\t<p class=\"name product-title woocommerce-loop-product__title\"><a href=\"https:\/\/escape-speakers.ch\/de\/produkt\/p9-tan\/\" class=\"woocommerce-LoopProduct-link woocommerce-loop-product__link\">P9 (Tan)<\/a><\/p><\/div><div class=\"price-wrapper\">\n\t<span class=\"price\"><span class=\"woocommerce-Price-amount amount\"><bdi><span class=\"woocommerce-Price-currencySymbol\">&#67;&#72;&#70;<\/span>&nbsp;1'290.00<\/bdi><\/span><\/span>\n<\/div>\t\t\t\t\t\t\t<\/div>\n\t\t\t\t\t\t<\/div>\n\t\t\t\t\t\t<\/div>\n\t\t\t\t\t<\/div><div class=\"col\" >\n\t\t\t\t\t\t<div class=\"col-inner\">\n\t\t\t\t\t\t\n<div class=\"badge-container absolute left top z-1\">\n\n<\/div>\n\t\t\t\t\t\t<div class=\"product-small box has-hover box-normal box-text-bottom\">\n\t\t\t\t\t\t\t<div class=\"box-image\" style=\"width:80%;\">\n\t\t\t\t\t\t\t\t<div class=\"image-cover\" style=\"padding-top:100%;\">\n\t\t\t\t\t\t\t\t\t<a href=\"https:\/\/escape-speakers.ch\/de\/produkt\/p6-travel-case\/\" aria-label=\"P6 Reisekoffer\">\n\t\t\t\t\t\t\t\t\t\t<img loading=\"lazy\" decoding=\"async\" width=\"247\" height=\"247\" src=\"https:\/\/escape-speakers.ch\/wp-content\/uploads\/2023\/02\/Escape_Travel-Case_0022-1-247x247.jpg\" class=\"attachment-woocommerce_thumbnail size-woocommerce_thumbnail\" alt=\"P6 Reisekoffer\" srcset=\"https:\/\/escape-speakers.ch\/wp-content\/uploads\/2023\/02\/Escape_Travel-Case_0022-1-247x247.jpg 247w, https:\/\/escape-speakers.ch\/wp-content\/uploads\/2023\/02\/Escape_Travel-Case_0022-1-150x150.jpg 150w, https:\/\/escape-speakers.ch\/wp-content\/uploads\/2023\/02\/Escape_Travel-Case_0022-1-100x100.jpg 100w\" sizes=\"auto, (max-width: 247px) 100vw, 247px\" \/>\t\t\t\t\t\t\t\t\t<\/a>\n\t\t\t\t\t\t\t\t\t\t\t\t\t\t\t\t\t\t \t\t\t\t\t\t\t\t<\/div>\n\t\t\t\t\t\t\t\t<div class=\"image-tools top right show-on-hover\">\n\t\t\t\t\t\t\t\t\t\t\t\t\t\t\t\t\t<\/div>\n\t\t\t\t\t\t\t\t\t\t\t\t\t\t\t\t\t<div class=\"image-tools grid-tools text-center hide-for-small bottom hover-slide-in show-on-hover\">\n\t\t\t\t\t\t\t\t\t\t\t\t\t\t\t\t\t\t\t<\/div>\n\t\t\t\t\t\t\t\t\t\t\t\t\t\t\t\t\t\t\t\t\t\t\t<\/div>\n\n\t\t\t\t\t\t\t<div class=\"box-text text-center\" >\n\t\t\t\t\t\t\t\t<div class=\"title-wrapper\">\t\t<p class=\"category uppercase is-smaller no-text-overflow product-cat op-7\">\n\t\t\tZubeh\u00f6r\t\t<\/p>\n\t<p class=\"name product-title woocommerce-loop-product__title\"><a href=\"https:\/\/escape-speakers.ch\/de\/produkt\/p6-travel-case\/\" class=\"woocommerce-LoopProduct-link woocommerce-loop-product__link\">P6 Reisekoffer<\/a><\/p><\/div><div class=\"price-wrapper\">\n\t<span class=\"price\"><span class=\"woocommerce-Price-amount amount\"><bdi><span class=\"woocommerce-Price-currencySymbol\">&#67;&#72;&#70;<\/span>&nbsp;140.00<\/bdi><\/span><\/span>\n<\/div>\t\t\t\t\t\t\t<\/div>\n\t\t\t\t\t\t<\/div>\n\t\t\t\t\t\t<\/div>\n\t\t\t\t\t<\/div><\/div>\n\n<a href=\"https:\/\/prod.escape-speakers.ch\/fr\/boutique\/\" class=\"button white is-gradient lowercase\"  >\n\t\t<span>Entdecken Sie den Online-Shop<\/span>\n\t<\/a>\n\n\n\n\t\t<\/div>\n\t\t\t\t\t<\/div>\n\n\t\n\n<\/div>\n\n\t\t<\/div>\n\n\t\t\n<style>\n#section_1518968290 {\n  padding-top: 60px;\n  padding-bottom: 60px;\n  background-color: rgb(193, 193, 193);\n}\n#section_1518968290 .section-bg-overlay {\n  background-color: rgba(255, 255, 255, 0.85);\n}\n<\/style>\n\t<\/section>\n\t\n\n\t<section class=\"section\" id=\"section_1889569927\">\n\t\t<div class=\"section-bg fill\" >\n\t\t\t\t\t\t\t\t\t<div class=\"section-bg-overlay absolute fill\"><\/div>\n\t\t\t\n\n\t\t<\/div>\n\n\t\t\n\n\t\t<div class=\"section-content relative\">\n\t\t\t\n\n<div class=\"row row-large align-middle align-center\"  id=\"row-307442885\">\n\n\n\t<div id=\"col-563573118\" class=\"col medium-10 small-12 large-10\"  >\n\t\t\t\t<div class=\"col-inner text-center\"  >\n\t\t\t\n\t\t\t\n\n\t<div id=\"text-2872629482\" class=\"text\">\n\t\t\n\n<h2><span style=\"font-size: 100%;\">Escape\u00ae &#8211; Eine musikalische Welt ohne Kabel!<\/span><\/h2>\n<p>Tragbare Audioger\u00e4te haben die Art und Weise, wie wir Musik h\u00f6ren, ver\u00e4ndert. Mobiltelefone und Tablets sind nun unsere wichtigsten Musikquellen. Aber f\u00fcr Audiophile, die nach der bestm\u00f6glichen Klangqualit\u00e4t ohne die Unannehmlichkeiten von Kabeln suchen, gibt es nur kleine und kompakte tragbare Lautsprecher. Deshalb haben wir f\u00fcr Sie Escape entwickelt, eine Reihe von kabellosen Lautsprechern mit atemberaubender Leistung.   <\/p>\n\t\t\n<style>\n#text-2872629482 {\n  text-align: left;\n}\n<\/style>\n\t<\/div>\n\t\n\n\t\t<\/div>\n\t\t\t\t\t<\/div>\n\n\t\n\n\t<div id=\"col-764347506\" class=\"col medium-6 small-12 large-6\"  >\n\t\t\t\t<div class=\"col-inner\"  >\n\t\t\t\n\t\t\t\n\n\t<div class=\"img has-hover x md-x lg-x y md-y lg-y\" id=\"image_718879654\">\n\t\t\t\t\t\t\t\t<div class=\"img-inner box-shadow-2 dark\" >\n\t\t\t\t\t\t\t\t\t\n\t\t\t\t\t<\/div>\n\t\t\t\t\t\t\t\t\n<style>\n#image_718879654 {\n  width: 100%;\n}\n<\/style>\n\t<\/div>\n\t\n\n\n\t\t<\/div>\n\t\t\t\t\t<\/div>\n\n\t\n\n<\/div>\n\n\t\t<\/div>\n\n\t\t\n<style>\n#section_1889569927 {\n  padding-top: 60px;\n  padding-bottom: 60px;\n  background-color: rgb(255, 255, 255);\n}\n#section_1889569927 .section-bg-overlay {\n  background-color: rgba(255, 255, 255, 0.85);\n}\n<\/style>\n\t<\/section>\n\t\n\n  <div class=\"banner has-hover has-parallax\" id=\"banner-1405007130\">\n          <div class=\"banner-inner fill\">\n        <div class=\"banner-bg fill\" data-parallax=\"-3\" data-parallax-container=\".banner\" data-parallax-background>\n            <img loading=\"lazy\" decoding=\"async\" width=\"740\" height=\"470\" src=\"https:\/\/escape-speakers.ch\/wp-content\/uploads\/2024\/04\/Escape_loc_2018_Meubili_0090_LR.jpg\" class=\"bg attachment-original size-original\" alt=\"\" \/>                                    \n                    <\/div>\n\t\t\n        <div class=\"banner-layers container\">\n            <div class=\"fill banner-link\"><\/div>            \n\n   <div id=\"text-box-939609961\" class=\"text-box banner-layer x50 md-x50 lg-x50 y50 md-y50 lg-y50 res-text\">\n                                <div class=\"text-box-content text dark\">\n              \n              <div class=\"text-inner text-center\">\n                  \n\n<h3 class=\"uppercase\"><strong>DIE MARKE<\/strong><\/h3>\n<div class=\"video-button-wrapper\" ><a href=\"https:\/\/www.youtube.com\/watch?v=iTw6DB7eO0Y\" class=\"button open-video icon circle is-outline is-xlarge\"><i class=\"icon-play\" style=\"font-size:1.5em;\" ><\/i><\/a><\/div>\n\n\n              <\/div>\n           <\/div>\n                            \n<style>\n#text-box-939609961 {\n  width: 60%;\n}\n#text-box-939609961 .text-box-content {\n  font-size: 100%;\n}\n<\/style>\n    <\/div>\n \n\n        <\/div>\n      <\/div>\n\n            \n<style>\n#banner-1405007130 {\n  padding-top: 400px;\n}\n<\/style>\n  <\/div>\n\n\n\n\t<section class=\"section\" id=\"section_2101924606\">\n\t\t<div class=\"section-bg fill\" >\n\t\t\t\t\t\t\t\t\t\n\t\t\t\n\n\t\t<\/div>\n\n\t\t\n\n\t\t<div class=\"section-content relative\">\n\t\t\t\n\n<div class=\"row\"  id=\"row-114802560\">\n\n\n\t<div id=\"col-7621981\" class=\"col small-12 large-12\"  >\n\t\t\t\t<div class=\"col-inner\"  >\n\t\t\t\n\t\t\t\n\n<div class=\"row\"  id=\"row-1378976679\">\n\n\n\t<div id=\"col-1745298977\" class=\"col small-12 large-12\"  >\n\t\t\t\t<div class=\"col-inner\"  >\n\t\t\t\n\t\t\t\n\n\t<div id=\"gap-1239704066\" class=\"gap-element clearfix\" style=\"display:block; height:auto;\">\n\t\t\n<style>\n#gap-1239704066 {\n  padding-top: 0px;\n}\n<\/style>\n\t<\/div>\n\t\n\n\t<div id=\"text-683118966\" class=\"text\">\n\t\t\n\n<h2><span style=\"font-size: 140%;\">  A NEW MUSICAL WORLD<\/span><\/h2>\n\t\t\n<style>\n#text-683118966 {\n  text-align: center;\n}\n<\/style>\n\t<\/div>\n\t\n\n\t\t<\/div>\n\t\t\t\t\t<\/div>\n\n\t\n\n<\/div>\n\n\t\t<\/div>\n\t\t\t\t\t<\/div>\n\n\t\n\n<\/div>\n\n\t\t<\/div>\n\n\t\t\n<style>\n#section_2101924606 {\n  padding-top: 60px;\n  padding-bottom: 60px;\n}\n<\/style>\n\t<\/section>\n\t\n\n\t<section class=\"section\" id=\"section_296641924\">\n\t\t<div class=\"section-bg fill\" >\n\t\t\t\t\t\t\t\t\t<div class=\"section-bg-overlay absolute fill\"><\/div>\n\t\t\t\n\n\t\t<\/div>\n\n\t\t\n\n\t\t<div class=\"section-content relative\">\n\t\t\t\n\n<div class=\"row row-large align-middle align-center\"  id=\"row-234092362\">\n\n\n\t<div id=\"col-1112663053\" class=\"col medium-6 small-12 large-6\"  >\n\t\t\t\t<div class=\"col-inner text-center\"  >\n\t\t\t\n\t\t\t\n\n\t<div class=\"img has-hover x md-x lg-x y md-y lg-y\" id=\"image_532032205\">\n\t\t\t\t\t\t\t\t<div class=\"img-inner image-cover dark\" style=\"padding-top:75%;\">\n\t\t\t<img loading=\"lazy\" decoding=\"async\" width=\"574\" height=\"580\" src=\"https:\/\/escape-speakers.ch\/wp-content\/uploads\/2024\/10\/Escape_loc_2018_Meubili_0243_LR-1.jpg\" class=\"attachment-large size-large\" alt=\"\" srcset=\"https:\/\/escape-speakers.ch\/wp-content\/uploads\/2024\/10\/Escape_loc_2018_Meubili_0243_LR-1.jpg 574w, https:\/\/escape-speakers.ch\/wp-content\/uploads\/2024\/10\/Escape_loc_2018_Meubili_0243_LR-1-297x300.jpg 297w, https:\/\/escape-speakers.ch\/wp-content\/uploads\/2024\/10\/Escape_loc_2018_Meubili_0243_LR-1-510x515.jpg 510w, https:\/\/escape-speakers.ch\/wp-content\/uploads\/2024\/10\/Escape_loc_2018_Meubili_0243_LR-1-100x100.jpg 100w\" sizes=\"auto, (max-width: 574px) 100vw, 574px\" \/>\t\t\t\t\t\t\n\t\t\t\t\t<\/div>\n\t\t\t\t\t\t\t\t\n<style>\n#image_532032205 {\n  width: 87%;\n}\n<\/style>\n\t<\/div>\n\t\n\n\n\t\t<\/div>\n\t\t\t\t\t<\/div>\n\n\t\n\n\t<div id=\"col-2138756614\" class=\"col medium-6 small-12 large-6\"  >\n\t\t\t\t<div class=\"col-inner text-center\"  >\n\t\t\t\n\t\t\t\n\n<h2 style=\"text-align: left;\"><span style=\"font-size: 100%;\">Hochwertiges tragbares HI-FI-System<\/span><\/h2>\n<p style=\"text-align: left;\"><span style=\"font-size: 100%;\">Ein zeitloser, moderner Look dank der Verwendung von langlebigen und luxuri\u00f6sen Materialien. Dezente und gleichzeitig sehr dekorative Farben, die sich in jeden Innen- und Au\u00dfenstil einf\u00fcgen. <\/span><\/p>\n\n\t\t<\/div>\n\t\t\t\t\n<style>\n#col-2138756614 > .col-inner {\n  padding: 30px 30px 30px 30px;\n}\n<\/style>\n\t<\/div>\n\n\t\n\n<\/div>\n\n\t\t<\/div>\n\n\t\t\n<style>\n#section_296641924 {\n  padding-top: 60px;\n  padding-bottom: 60px;\n  background-color: rgb(255, 255, 255);\n}\n#section_296641924 .section-bg-overlay {\n  background-color: rgba(255, 255, 255, 0.85);\n}\n<\/style>\n\t<\/section>\n\t\n\n\t<section class=\"section\" id=\"section_997679913\">\n\t\t<div class=\"section-bg fill\" >\n\t\t\t\t\t\t\t\t\t\n\t\t\t\n\n\t\t<\/div>\n\n\t\t\n\n\t\t<div class=\"section-content relative\">\n\t\t\t\n\n<div class=\"row row-large align-middle align-center row-divided\"  id=\"row-1220987364\">\n\n\n\t<div id=\"col-2053491553\" class=\"col medium-3 large-3\"  >\n\t\t\t\t<div class=\"col-inner\"  >\n\t\t\t\n\t\t\t\n\n\n\t\t<div class=\"icon-box featured-box icon-box-center text-center\"  >\n\t\t\t\t\t<div class=\"icon-box-img\" style=\"width: 77px\">\n\t\t\t\t<div class=\"icon\">\n\t\t\t\t\t<div class=\"icon-inner\" >\n\t\t\t\t\t\t<img loading=\"lazy\" decoding=\"async\" width=\"300\" height=\"300\" src=\"https:\/\/escape-speakers.ch\/wp-content\/uploads\/2024\/05\/delivery-300x300.png\" class=\"attachment-medium size-medium\" alt=\"\" srcset=\"https:\/\/escape-speakers.ch\/wp-content\/uploads\/2024\/05\/delivery-300x300.png 300w, https:\/\/escape-speakers.ch\/wp-content\/uploads\/2024\/05\/delivery-150x150.png 150w, https:\/\/escape-speakers.ch\/wp-content\/uploads\/2024\/05\/delivery-247x247.png 247w, https:\/\/escape-speakers.ch\/wp-content\/uploads\/2024\/05\/delivery-510x510.png 510w, https:\/\/escape-speakers.ch\/wp-content\/uploads\/2024\/05\/delivery-100x100.png 100w, https:\/\/escape-speakers.ch\/wp-content\/uploads\/2024\/05\/delivery.png 512w\" sizes=\"auto, (max-width: 300px) 100vw, 300px\" \/>\t\t\t\t\t<\/div>\n\t\t\t\t<\/div>\n\t\t\t<\/div>\n\t\t\t\t<div class=\"icon-box-text last-reset\">\n\t\t\t<h5 class=\"uppercase\">Kostenlose Lieferung<\/h5>\t\t\t\t\t\t\n\n<p>F\u00fcr internationale Standardbestellungen \u00fcber 1000 CHF<\/p>\n\n\t\t<\/div>\n\t<\/div>\n\t\n\t\n\n\t\t<\/div>\n\t\t\t\t\t<\/div>\n\n\t\n\n\t<div id=\"col-2061573996\" class=\"col medium-3 large-3\"  >\n\t\t\t\t<div class=\"col-inner\"  >\n\t\t\t\n\t\t\t\n\n\n\t\t<div class=\"icon-box featured-box icon-box-center text-center\"  >\n\t\t\t\t\t<div class=\"icon-box-img\" style=\"width: 77px\">\n\t\t\t\t<div class=\"icon\">\n\t\t\t\t\t<div class=\"icon-inner\" >\n\t\t\t\t\t\t<img loading=\"lazy\" decoding=\"async\" width=\"300\" height=\"300\" src=\"https:\/\/escape-speakers.ch\/wp-content\/uploads\/2024\/05\/credit-card-300x300.png\" class=\"attachment-medium size-medium\" alt=\"\" srcset=\"https:\/\/escape-speakers.ch\/wp-content\/uploads\/2024\/05\/credit-card-300x300.png 300w, https:\/\/escape-speakers.ch\/wp-content\/uploads\/2024\/05\/credit-card-150x150.png 150w, https:\/\/escape-speakers.ch\/wp-content\/uploads\/2024\/05\/credit-card-247x247.png 247w, https:\/\/escape-speakers.ch\/wp-content\/uploads\/2024\/05\/credit-card-510x510.png 510w, https:\/\/escape-speakers.ch\/wp-content\/uploads\/2024\/05\/credit-card-100x100.png 100w, https:\/\/escape-speakers.ch\/wp-content\/uploads\/2024\/05\/credit-card.png 512w\" sizes=\"auto, (max-width: 300px) 100vw, 300px\" \/>\t\t\t\t\t<\/div>\n\t\t\t\t<\/div>\n\t\t\t<\/div>\n\t\t\t\t<div class=\"icon-box-text last-reset\">\n\t\t\t<h5 class=\"uppercase\">Sichere Zahlungen<\/h5>\t\t\t\t\t\t\n\n<p>Ihre Online-Eink\u00e4ufe sind 100% sicher<\/p>\n\n\t\t<\/div>\n\t<\/div>\n\t\n\t\n\n\t\t<\/div>\n\t\t\t\t\t<\/div>\n\n\t\n\n\t<div id=\"col-666264838\" class=\"col medium-3 large-3\"  >\n\t\t\t\t<div class=\"col-inner\"  >\n\t\t\t\n\t\t\t\n\n\n\t\t<div class=\"icon-box featured-box icon-box-center text-center\"  >\n\t\t\t\t\t<div class=\"icon-box-img\" style=\"width: 77px\">\n\t\t\t\t<div class=\"icon\">\n\t\t\t\t\t<div class=\"icon-inner\" >\n\t\t\t\t\t\t<img loading=\"lazy\" decoding=\"async\" width=\"300\" height=\"300\" src=\"https:\/\/escape-speakers.ch\/wp-content\/uploads\/2024\/05\/client-300x300.png\" class=\"attachment-medium size-medium\" alt=\"\" srcset=\"https:\/\/escape-speakers.ch\/wp-content\/uploads\/2024\/05\/client-300x300.png 300w, https:\/\/escape-speakers.ch\/wp-content\/uploads\/2024\/05\/client-150x150.png 150w, https:\/\/escape-speakers.ch\/wp-content\/uploads\/2024\/05\/client-247x247.png 247w, https:\/\/escape-speakers.ch\/wp-content\/uploads\/2024\/05\/client-510x510.png 510w, https:\/\/escape-speakers.ch\/wp-content\/uploads\/2024\/05\/client-100x100.png 100w, https:\/\/escape-speakers.ch\/wp-content\/uploads\/2024\/05\/client.png 512w\" sizes=\"auto, (max-width: 300px) 100vw, 300px\" \/>\t\t\t\t\t<\/div>\n\t\t\t\t<\/div>\n\t\t\t<\/div>\n\t\t\t\t<div class=\"icon-box-text last-reset\">\n\t\t\t<h5 class=\"uppercase\">Pers\u00f6nliche Konsultationen<\/h5>\t\t\t\t\t\t\n\n\n\n\t\t<\/div>\n\t<\/div>\n\t\n\t\n\n\t\t<\/div>\n\t\t\t\t\t<\/div>\n\n\t\n\n\t<div id=\"col-1167692351\" class=\"col medium-3 large-3\"  >\n\t\t\t\t<div class=\"col-inner\"  >\n\t\t\t\n\t\t\t\n\n\n\t\t<div class=\"icon-box featured-box icon-box-center text-center\"  >\n\t\t\t\t\t<div class=\"icon-box-img\" style=\"width: 77px\">\n\t\t\t\t<div class=\"icon\">\n\t\t\t\t\t<div class=\"icon-inner\" >\n\t\t\t\t\t\t<img loading=\"lazy\" decoding=\"async\" width=\"300\" height=\"300\" src=\"https:\/\/escape-speakers.ch\/wp-content\/uploads\/2024\/05\/blood-300x300.png\" class=\"attachment-medium size-medium\" alt=\"\" srcset=\"https:\/\/escape-speakers.ch\/wp-content\/uploads\/2024\/05\/blood-300x300.png 300w, https:\/\/escape-speakers.ch\/wp-content\/uploads\/2024\/05\/blood-150x150.png 150w, https:\/\/escape-speakers.ch\/wp-content\/uploads\/2024\/05\/blood-247x247.png 247w, https:\/\/escape-speakers.ch\/wp-content\/uploads\/2024\/05\/blood-510x510.png 510w, https:\/\/escape-speakers.ch\/wp-content\/uploads\/2024\/05\/blood-100x100.png 100w, https:\/\/escape-speakers.ch\/wp-content\/uploads\/2024\/05\/blood.png 512w\" sizes=\"auto, (max-width: 300px) 100vw, 300px\" \/>\t\t\t\t\t<\/div>\n\t\t\t\t<\/div>\n\t\t\t<\/div>\n\t\t\t\t<div class=\"icon-box-text last-reset\">\n\t\t\t<h5 class=\"uppercase\">Wetterfestes Design<\/h5>\t\t\t\t\t\t\n\n\n\n\t\t<\/div>\n\t<\/div>\n\t\n\t\n\n\t\t<\/div>\n\t\t\t\t\t<\/div>\n\n\t\n\n<\/div>\n\n\t\t<\/div>\n\n\t\t\n<style>\n#section_997679913 {\n  padding-top: 30px;\n  padding-bottom: 30px;\n  background-color: rgb(255, 255, 255);\n}\n<\/style>\n\t<\/section>\n\t\n\n","protected":false},"excerpt":{"rendered":"","protected":false},"author":1,"featured_media":0,"parent":0,"menu_order":0,"comment_status":"closed","ping_status":"closed","template":"page-blank.php","meta":{"_acf_changed":false,"footnotes":""},"class_list":["post-12684","page","type-page","status-publish","hentry"],"acf":[],"_links":{"self":[{"href":"https:\/\/escape-speakers.ch\/de\/wp-json\/wp\/v2\/pages\/12684","targetHints":{"allow":["GET"]}}],"collection":[{"href":"https:\/\/escape-speakers.ch\/de\/wp-json\/wp\/v2\/pages"}],"about":[{"href":"https:\/\/escape-speakers.ch\/de\/wp-json\/wp\/v2\/types\/page"}],"author":[{"embeddable":true,"href":"https:\/\/escape-speakers.ch\/de\/wp-json\/wp\/v2\/users\/1"}],"replies":[{"embeddable":true,"href":"https:\/\/escape-speakers.ch\/de\/wp-json\/wp\/v2\/comments?post=12684"}],"version-history":[{"count":5,"href":"https:\/\/escape-speakers.ch\/de\/wp-json\/wp\/v2\/pages\/12684\/revisions"}],"predecessor-version":[{"id":13032,"href":"https:\/\/escape-speakers.ch\/de\/wp-json\/wp\/v2\/pages\/12684\/revisions\/13032"}],"wp:attachment":[{"href":"https:\/\/escape-speakers.ch\/de\/wp-json\/wp\/v2\/media?parent=12684"}],"curies":[{"name":"wp","href":"https:\/\/api.w.org\/{rel}","templated":true}]}}