{"id":12750,"date":"2023-02-07T13:23:05","date_gmt":"2023-02-07T12:23:05","guid":{"rendered":"https:\/\/prod.escape-speakers.ch\/product\/p9-flash-drive\/"},"modified":"2024-11-09T01:04:13","modified_gmt":"2024-11-09T00:04:13","slug":"p9-flash-drive","status":"publish","type":"product","link":"https:\/\/escape-speakers.ch\/de\/produkt\/p9-flash-drive\/","title":{"rendered":"P9 Flash Drive"},"content":{"rendered":"<h1>P9 Flash Drive<\/h1>\n<p>USB-Flash-Laufwerk in einem kompakten Aluminiumgeh\u00e4use &#8211; 32 GB Kapazit\u00e4t<\/p>\n","protected":false},"excerpt":{"rendered":"<p>          <strong><br \/>\n            <em>WICHTIGE INFORMATIONEN ZUR GARANTIE: Stellen Sie sicher, dass Sie einen USB-Stick verwenden, der klein genug ist, dass Sie die Tastaturabdeckung schlie\u00dfen k\u00f6nnen. Die Gesamth\u00f6he des USB-Sticks darf 27 mm nicht \u00fcberschreiten. Sch\u00e4den am USB-Anschluss und\/oder anderen elektronischen Schaltungen, die durch das Eindringen von Wasser durch die Tastatur verursacht werden, sind nicht durch die Garantie abgedeckt. Wenn das USB-Fach Wasser ausgesetzt ist, ist es wichtig, dass der USB-Anschluss vollst\u00e4ndig trocken ist, bevor Sie ein Kabel oder einen USB-Stick einstecken.   <\/em><br \/>\n          <\/strong><\/p>\n","protected":false},"featured_media":10154,"template":"","meta":{"_acf_changed":false},"product_brand":[],"product_cat":[444,485],"product_tag":[],"class_list":{"0":"post-12750","1":"product","2":"type-product","3":"status-publish","4":"has-post-thumbnail","6":"product_cat-haut-parleur-fr-de","7":"product_cat-zubehor","9":"first","10":"instock","11":"taxable","12":"shipping-taxable","13":"purchasable","14":"product-type-simple"},"acf":[],"_links":{"self":[{"href":"https:\/\/escape-speakers.ch\/de\/wp-json\/wp\/v2\/product\/12750","targetHints":{"allow":["GET"]}}],"collection":[{"href":"https:\/\/escape-speakers.ch\/de\/wp-json\/wp\/v2\/product"}],"about":[{"href":"https:\/\/escape-speakers.ch\/de\/wp-json\/wp\/v2\/types\/product"}],"wp:featuredmedia":[{"embeddable":true,"href":"https:\/\/escape-speakers.ch\/de\/wp-json\/wp\/v2\/media\/10154"}],"wp:attachment":[{"href":"https:\/\/escape-speakers.ch\/de\/wp-json\/wp\/v2\/media?parent=12750"}],"wp:term":[{"taxonomy":"product_brand","embeddable":true,"href":"https:\/\/escape-speakers.ch\/de\/wp-json\/wp\/v2\/product_brand?post=12750"},{"taxonomy":"product_cat","embeddable":true,"href":"https:\/\/escape-speakers.ch\/de\/wp-json\/wp\/v2\/product_cat?post=12750"},{"taxonomy":"product_tag","embeddable":true,"href":"https:\/\/escape-speakers.ch\/de\/wp-json\/wp\/v2\/product_tag?post=12750"}],"curies":[{"name":"wp","href":"https:\/\/api.w.org\/{rel}","templated":true}]}}