{"id":12754,"date":"2023-03-07T08:49:09","date_gmt":"2023-03-07T07:49:09","guid":{"rendered":"https:\/\/prod.escape-speakers.ch\/product\/p6-bt-schwarz\/"},"modified":"2024-11-09T01:04:14","modified_gmt":"2024-11-09T00:04:14","slug":"p6-bt-schwarz","status":"publish","type":"product","link":"https:\/\/escape-speakers.ch\/de\/produkt\/p6-bt-schwarz\/","title":{"rendered":"P6 BT (Schwarz)"},"content":{"rendered":"<h2 class=\"mb-3 d-none d-md-block\">Ein Lautsprecher mit einem un\u00fcbertroffenen Klangbild und einem gro\u00dfz\u00fcgigen Niederfrequenzgang<\/h2>\n<p>Der Escape \u00ae P6 BT teilt viele der einzigartigen Eigenschaften des P9. Er wurde aus den besten Materialien hergestellt, damit Sie Ihre Lieblingsmusik mit Stil h\u00f6ren k\u00f6nnen. Der P6 BT ist die perfekte Balance zwischen Design und Leistung. Genie\u00dfen Sie das harmonische Zusammenspiel von B\u00e4ssen, Mitten und H\u00f6hen mit zwei exklusiven, individuell angepassten Lautsprechern (gleicher Typ wie beim P9) und einem Subwoofer mit 17 cm Durchmesser. Ein digitaler Hochleistungsverst\u00e4rker mit 60 Watt RMS und ein leistungsstarker 24-Bit-DSP-Prozessor sorgen f\u00fcr eine 360\u00b0-Klangwiedergabe, die mit unserer Philosophie &#8211; der Leidenschaft f\u00fcr Musik &#8211; in Einklang steht.<\/p>\n","protected":false},"excerpt":{"rendered":"<p>Kraftvoll &#8211; musikalisch &#8211; \u00fcberraschend erschwinglich &#8211; 100% Escape.<\/p>\n","protected":false},"featured_media":10388,"template":"","meta":{"_acf_changed":false},"product_brand":[],"product_cat":[444],"product_tag":[],"class_list":{"0":"post-12754","1":"product","2":"type-product","3":"status-publish","4":"has-post-thumbnail","6":"product_cat-haut-parleur-fr-de","8":"first","9":"instock","10":"featured","11":"taxable","12":"shipping-taxable","13":"purchasable","14":"product-type-simple"},"acf":[],"_links":{"self":[{"href":"https:\/\/escape-speakers.ch\/de\/wp-json\/wp\/v2\/product\/12754","targetHints":{"allow":["GET"]}}],"collection":[{"href":"https:\/\/escape-speakers.ch\/de\/wp-json\/wp\/v2\/product"}],"about":[{"href":"https:\/\/escape-speakers.ch\/de\/wp-json\/wp\/v2\/types\/product"}],"wp:featuredmedia":[{"embeddable":true,"href":"https:\/\/escape-speakers.ch\/de\/wp-json\/wp\/v2\/media\/10388"}],"wp:attachment":[{"href":"https:\/\/escape-speakers.ch\/de\/wp-json\/wp\/v2\/media?parent=12754"}],"wp:term":[{"taxonomy":"product_brand","embeddable":true,"href":"https:\/\/escape-speakers.ch\/de\/wp-json\/wp\/v2\/product_brand?post=12754"},{"taxonomy":"product_cat","embeddable":true,"href":"https:\/\/escape-speakers.ch\/de\/wp-json\/wp\/v2\/product_cat?post=12754"},{"taxonomy":"product_tag","embeddable":true,"href":"https:\/\/escape-speakers.ch\/de\/wp-json\/wp\/v2\/product_tag?post=12754"}],"curies":[{"name":"wp","href":"https:\/\/api.w.org\/{rel}","templated":true}]}}