{"id":12755,"date":"2023-03-07T08:46:20","date_gmt":"2023-03-07T07:46:20","guid":{"rendered":"https:\/\/prod.escape-speakers.ch\/product\/p6-air-schwarz\/"},"modified":"2024-11-09T01:04:11","modified_gmt":"2024-11-09T00:04:11","slug":"p6-air-schwarz","status":"publish","type":"product","link":"https:\/\/escape-speakers.ch\/de\/produkt\/p6-air-schwarz\/","title":{"rendered":"P6 AIR (Schwarz)"},"content":{"rendered":"<h2 class=\"mb-3 d-none d-md-block\">Entwickelt f\u00fcr maximale Flexibilit\u00e4t in Multi-Room.<\/h2>\n<p>Der <sup>Escape\u00ae<\/sup> P6 Air basiert auf der P6 BT-Plattform, bietet aber mit AirPlay 2, Chromecast Built-in und Roon die M\u00f6glichkeit, ein bestehendes WIFI-Netzwerk zu mehreren Lautsprechern zu nutzen, um drahtlos Musik zu streamen, ohne die Beschr\u00e4nkungen einer einzelnen Marke. Wie der P6 BT ist auch dieser audiophile tragbare Lautsprecher vor allem wegen seiner subtilen Sch\u00f6nheit bemerkenswert, die Ihrem Zuhause und dar\u00fcber hinaus auf diskrete Weise Stil und Farbe verleiht.<\/p>\n","protected":false},"excerpt":{"rendered":"<p>Ein Multiroom-Lautsprecher, der f\u00fcr den Einsatz in Innenr\u00e4umen und dar\u00fcber hinaus konzipiert wurde.<\/p>\n","protected":false},"featured_media":10408,"template":"","meta":{"_acf_changed":false},"product_brand":[],"product_cat":[444],"product_tag":[],"class_list":{"0":"post-12755","1":"product","2":"type-product","3":"status-publish","4":"has-post-thumbnail","6":"product_cat-haut-parleur-fr-de","8":"first","9":"instock","10":"taxable","11":"shipping-taxable","12":"purchasable","13":"product-type-simple"},"acf":[],"_links":{"self":[{"href":"https:\/\/escape-speakers.ch\/de\/wp-json\/wp\/v2\/product\/12755","targetHints":{"allow":["GET"]}}],"collection":[{"href":"https:\/\/escape-speakers.ch\/de\/wp-json\/wp\/v2\/product"}],"about":[{"href":"https:\/\/escape-speakers.ch\/de\/wp-json\/wp\/v2\/types\/product"}],"wp:featuredmedia":[{"embeddable":true,"href":"https:\/\/escape-speakers.ch\/de\/wp-json\/wp\/v2\/media\/10408"}],"wp:attachment":[{"href":"https:\/\/escape-speakers.ch\/de\/wp-json\/wp\/v2\/media?parent=12755"}],"wp:term":[{"taxonomy":"product_brand","embeddable":true,"href":"https:\/\/escape-speakers.ch\/de\/wp-json\/wp\/v2\/product_brand?post=12755"},{"taxonomy":"product_cat","embeddable":true,"href":"https:\/\/escape-speakers.ch\/de\/wp-json\/wp\/v2\/product_cat?post=12755"},{"taxonomy":"product_tag","embeddable":true,"href":"https:\/\/escape-speakers.ch\/de\/wp-json\/wp\/v2\/product_tag?post=12755"}],"curies":[{"name":"wp","href":"https:\/\/api.w.org\/{rel}","templated":true}]}}