{"id":12761,"date":"2023-03-07T08:51:30","date_gmt":"2023-03-07T07:51:30","guid":{"rendered":"https:\/\/prod.escape-speakers.ch\/product\/p9-schwarz\/"},"modified":"2024-11-09T01:04:18","modified_gmt":"2024-11-09T00:04:18","slug":"p9-schwarz","status":"publish","type":"product","link":"https:\/\/escape-speakers.ch\/de\/produkt\/p9-schwarz\/","title":{"rendered":"P9 (Schwarz)"},"content":{"rendered":"<h2 class=\"mb-3 d-none d-md-block\">Ein drahtloses High-Fidelity-Musiksystem<\/h2>\n<p>Der <sup>Escape\u00ae<\/sup> P9 bietet eine \u00fcberragende Klangqualit\u00e4t durch f\u00fcnf hochwertige Lautsprecher mit einer Kernabdeckung aus Aluminium, einem optimierten tiefen Konus aus Polypropylen (PP), einer linearen Spinne und einer bel\u00fcfteten Schwingspule, die von einem starken Magneten angetrieben wird. Der 20 cm Subwoofer ist mit einem glasfaserverst\u00e4rkten Verbundchassis ausgestattet, das speziell f\u00fcr den \u00fcbergro\u00dfen Magneten entwickelt wurde. Der lineare Spider und die bel\u00fcftete Schwingspule sorgen f\u00fcr eine tiefe, kraftvolle und pr\u00e4zise Wiedergabe der tiefsten Frequenzen. Zwei leistungsstarke 24-Bit-DSP-Prozessoren steuern die digitale Signalverarbeitung und verschiedene Equalizer-Algorithmen. Der eingebaute audiophile Verst\u00e4rker mit einer Leistung von 100 Watt RMS und einem Frequenzgang von 20Hz-20KHz ist vollst\u00e4ndig auf die 5 Lautsprecher abgestimmt. Das fortschrittliche Bassmanagement bietet Musikliebhabern das ultimative Klangerlebnis.     <\/p>\n","protected":false},"excerpt":{"rendered":"<p>Eine Referenz unter den tragbaren HIFI-Lautsprechern.<\/p>\n","protected":false},"featured_media":10012,"template":"","meta":{"_acf_changed":false},"product_brand":[],"product_cat":[444],"product_tag":[],"class_list":{"0":"post-12761","1":"product","2":"type-product","3":"status-publish","4":"has-post-thumbnail","6":"product_cat-haut-parleur-fr-de","8":"first","9":"instock","10":"taxable","11":"shipping-taxable","12":"purchasable","13":"product-type-simple"},"acf":[],"_links":{"self":[{"href":"https:\/\/escape-speakers.ch\/de\/wp-json\/wp\/v2\/product\/12761","targetHints":{"allow":["GET"]}}],"collection":[{"href":"https:\/\/escape-speakers.ch\/de\/wp-json\/wp\/v2\/product"}],"about":[{"href":"https:\/\/escape-speakers.ch\/de\/wp-json\/wp\/v2\/types\/product"}],"wp:featuredmedia":[{"embeddable":true,"href":"https:\/\/escape-speakers.ch\/de\/wp-json\/wp\/v2\/media\/10012"}],"wp:attachment":[{"href":"https:\/\/escape-speakers.ch\/de\/wp-json\/wp\/v2\/media?parent=12761"}],"wp:term":[{"taxonomy":"product_brand","embeddable":true,"href":"https:\/\/escape-speakers.ch\/de\/wp-json\/wp\/v2\/product_brand?post=12761"},{"taxonomy":"product_cat","embeddable":true,"href":"https:\/\/escape-speakers.ch\/de\/wp-json\/wp\/v2\/product_cat?post=12761"},{"taxonomy":"product_tag","embeddable":true,"href":"https:\/\/escape-speakers.ch\/de\/wp-json\/wp\/v2\/product_tag?post=12761"}],"curies":[{"name":"wp","href":"https:\/\/api.w.org\/{rel}","templated":true}]}}